{"id":776,"date":"2019-11-09T20:55:19","date_gmt":"2019-11-09T20:55:19","guid":{"rendered":"http:\/\/www.infornos.pt\/infornos\/?page_id=776"},"modified":"2020-11-21T21:09:50","modified_gmt":"2020-11-21T21:09:50","slug":"carimbos-colop","status":"publish","type":"page","link":"https:\/\/www.infornos.pt\/infornos\/publicidade-2\/carimbos-colop\/","title":{"rendered":"Carimbos COLOP"},"content":{"rendered":"<p>A Maior Gama de Carimbos auto-tintados<\/p>\n<p>A linha COLOP oferece uma escolha completa de tamanhos, do mais pequeno e acess\u00edvel, at\u00e9 ao grande e generoso &#8211; a maior gama de formatos, desde o redondo, o oval e at\u00e9 mesmo o tri\u00e2ngular.<\/p>\n<p><code><div class=\"_df_book df-lite\" id=\"df_1382\"  data-title=\"colop-carimbos\" _slug=\"colop-carimbos\" wpoptions=\"true\" thumbtype=\"bg\" ><p class=\"df-raw-loading\">Please wait while flipbook is loading. For more related info, FAQs and issues please refer to <a href=\"https:\/\/wordpress.org\/plugins\/3d-flipbook-dflip-lite\/#installation\">DearFlip WordPress Flipbook Plugin Help<\/a> documentation.<\/p><\/div><script class=\"df-shortcode-script\" type=\"application\/javascript\">window.option_df_1382 = {\"outline\":[],\"forceFit\":\"true\",\"autoEnableOutline\":\"false\",\"autoEnableThumbnail\":\"false\",\"overwritePDFOutline\":\"false\",\"direction\":\"1\",\"pageSize\":\"0\",\"source\":\"http:\\\/\\\/www.infornos.pt\\\/wp-content\\\/uploads\\\/2019\\\/11\\\/Catalogo_COLOPpt.pdf\",\"wpOptions\":\"true\"}; if(window.DFLIP && window.DFLIP.parseBooks){window.DFLIP.parseBooks();}<\/script><\/code><\/p>\n","protected":false},"excerpt":{"rendered":"<p>A Maior Gama de Carimbos auto-tintados A linha COLOP oferece uma escolha completa de tamanhos, do mais pequeno e acess\u00edvel, at\u00e9 ao grande e generoso &#8211; a maior gama de formatos, desde o redondo, o oval e at\u00e9 mesmo o tri\u00e2ngular.<\/p>\n","protected":false},"author":1,"featured_media":1067,"parent":10,"menu_order":0,"comment_status":"closed","ping_status":"closed","template":"","meta":[],"_links":{"self":[{"href":"https:\/\/www.infornos.pt\/infornos\/wp-json\/wp\/v2\/pages\/776"}],"collection":[{"href":"https:\/\/www.infornos.pt\/infornos\/wp-json\/wp\/v2\/pages"}],"about":[{"href":"https:\/\/www.infornos.pt\/infornos\/wp-json\/wp\/v2\/types\/page"}],"author":[{"embeddable":true,"href":"https:\/\/www.infornos.pt\/infornos\/wp-json\/wp\/v2\/users\/1"}],"replies":[{"embeddable":true,"href":"https:\/\/www.infornos.pt\/infornos\/wp-json\/wp\/v2\/comments?post=776"}],"version-history":[{"count":5,"href":"https:\/\/www.infornos.pt\/infornos\/wp-json\/wp\/v2\/pages\/776\/revisions"}],"predecessor-version":[{"id":1386,"href":"https:\/\/www.infornos.pt\/infornos\/wp-json\/wp\/v2\/pages\/776\/revisions\/1386"}],"up":[{"embeddable":true,"href":"https:\/\/www.infornos.pt\/infornos\/wp-json\/wp\/v2\/pages\/10"}],"wp:featuredmedia":[{"embeddable":true,"href":"https:\/\/www.infornos.pt\/infornos\/wp-json\/wp\/v2\/media\/1067"}],"wp:attachment":[{"href":"https:\/\/www.infornos.pt\/infornos\/wp-json\/wp\/v2\/media?parent=776"}],"curies":[{"name":"wp","href":"https:\/\/api.w.org\/{rel}","templated":true}]}}