{"id":728,"date":"2019-10-07T11:06:00","date_gmt":"2019-10-07T11:06:00","guid":{"rendered":"http:\/\/www.infornos.pt\/infornos\/?page_id=728"},"modified":"2020-11-21T21:05:18","modified_gmt":"2020-11-21T21:05:18","slug":"freguesiasxxi-actualizacao","status":"publish","type":"page","link":"https:\/\/www.infornos.pt\/infornos\/softwares\/freguesiasxxi-actualizacao\/","title":{"rendered":"Freguesias XXI"},"content":{"rendered":"<p><img loading=\"lazy\" class=\" wp-image-732 aligncenter\" src=\"http:\/\/www.infornos.pt\/infornos\/wp-content\/uploads\/2019\/10\/Icon.gif\" alt=\"Icon\" width=\"93\" height=\"90\" \/><\/p>\n<p><em>1.19.6<\/em><br \/>\n<em>&#8211; Melhorias Diversas<\/em><br \/>\n<em>&#8211; Anula\u00e7\u00e3o de Documentos<br \/>\n<\/em><\/p>\n<div class='w3eden'><!-- WPDM Link Template: Default Template -->\n\n\n<div class=\"link-template-default card mb-2\">\n    <div class=\"card-body\">\n        <div class=\"media stack-xs\">\n            <div class=\"media-body\">\n                <div class=\"media\">\n                    <div class=\"mr-3 img-48\"><img class=\"wpdm_icon\" alt=\"Icon\"   src=\"http:\/\/www.infornos.pt\/infornos\/wp-content\/plugins\/download-manager\/assets\/file-type-icons\/download_box.png\" \/><\/div>\n                    <div class=\"media-body\">\n                        <h3 class=\"package-title\"><a href='https:\/\/www.infornos.pt\/infornos\/download\/freguesias-xxi-versao-1-19-6\/'>Freguesias XXI - Vers\u00e3o 1.19.6<\/a><\/h3>\n                        <div class=\"text-muted text-small\"><i class=\"fas fa-copy\"><\/i> 1 file(s) <i class=\"fas fa-hdd ml-3\"><\/i> 5.69 MB<\/div>\n                    <\/div>\n                <\/div>\n            <\/div>\n            <div class=\"ml-3 wpdmdl-btn\">\n                <a class='wpdm-download-link btn btn-primary btn-xs' rel='nofollow' href='#' onclick=\"location.href='https:\/\/www.infornos.pt\/infornos\/download\/freguesias-xxi-versao-1-19-6\/?wpdmdl=788&refresh=69e3a6b6945ad1776527030';return false;\">Download<\/a>\n            <\/div>\n        <\/div>\n    <\/div>\n<\/div>\n\n\n<\/div>\n<p><em>1.19.5<\/em><br \/>\n<em>&#8211; Melhorias Diversas<\/em><br \/>\n<em>&#8211; Copias de Seguran\u00e7a<\/em><\/p>\n<p><em>1.19.4<\/em><br \/>\n<em>&#8211; Melhorias Diversas<\/em><br \/>\n<em>&#8211; Bot\u00e3o de &#8220;Pr\u00f3ximo C\u00f3digo&#8221; em Entidades,Defuntos e Animais<\/em><\/p>\n<p><em>1.19.3<\/em><br \/>\n<em> &#8211; Melhorias Diversas<\/em><br \/>\n<em> &#8211; Novo Formul\u00e1rio das Guias<\/em><\/p>\n<p><em>1.19.2<\/em><br \/>\n<em> &#8211; Melhorias Diversas<\/em><br \/>\n<em> &#8211; Emiss\u00e3o de Documentos Automaticamente a partir das Fichas do Cemit\u00e9rio<\/em><\/p>\n<p><em>1.19.1<\/em><br \/>\n<em> &#8211; Melhorias Diversas<\/em><br \/>\n<em> &#8211; Emiss\u00e3o de Documentos Automaticamente a partir das Fichas dos Animais<\/em><\/p>\n<p><em>1.19<\/em><br \/>\n<em> Primeira Vers\u00e3o<\/em><\/p>\n","protected":false},"excerpt":{"rendered":"<p>1.19.6 &#8211; Melhorias Diversas &#8211; Anula\u00e7\u00e3o de Documentos 1.19.5 &#8211; Melhorias Diversas &#8211; Copias de Seguran\u00e7a 1.19.4 &#8211; Melhorias Diversas &#8211; Bot\u00e3o de &#8220;Pr\u00f3ximo C\u00f3digo&#8221; em Entidades,Defuntos e Animais 1.19.3 &#8211; Melhorias Diversas &#8211; Novo Formul\u00e1rio das Guias 1.19.2 &#8211; Melhorias Diversas &#8211; Emiss\u00e3o de Documentos Automaticamente a partir das Fichas do Cemit\u00e9rio 1.19.1 &#8211; [&hellip;]<\/p>\n","protected":false},"author":1,"featured_media":0,"parent":1091,"menu_order":0,"comment_status":"closed","ping_status":"closed","template":"","meta":[],"_links":{"self":[{"href":"https:\/\/www.infornos.pt\/infornos\/wp-json\/wp\/v2\/pages\/728"}],"collection":[{"href":"https:\/\/www.infornos.pt\/infornos\/wp-json\/wp\/v2\/pages"}],"about":[{"href":"https:\/\/www.infornos.pt\/infornos\/wp-json\/wp\/v2\/types\/page"}],"author":[{"embeddable":true,"href":"https:\/\/www.infornos.pt\/infornos\/wp-json\/wp\/v2\/users\/1"}],"replies":[{"embeddable":true,"href":"https:\/\/www.infornos.pt\/infornos\/wp-json\/wp\/v2\/comments?post=728"}],"version-history":[{"count":11,"href":"https:\/\/www.infornos.pt\/infornos\/wp-json\/wp\/v2\/pages\/728\/revisions"}],"predecessor-version":[{"id":790,"href":"https:\/\/www.infornos.pt\/infornos\/wp-json\/wp\/v2\/pages\/728\/revisions\/790"}],"up":[{"embeddable":true,"href":"https:\/\/www.infornos.pt\/infornos\/wp-json\/wp\/v2\/pages\/1091"}],"wp:attachment":[{"href":"https:\/\/www.infornos.pt\/infornos\/wp-json\/wp\/v2\/media?parent=728"}],"curies":[{"name":"wp","href":"https:\/\/api.w.org\/{rel}","templated":true}]}}