{"id":511,"date":"2019-01-11T21:29:54","date_gmt":"2019-01-11T21:29:54","guid":{"rendered":"http:\/\/www.infornos.pt\/infornos\/?page_id=511"},"modified":"2020-11-21T21:06:00","modified_gmt":"2020-11-21T21:06:00","slug":"contanorgxxi-actualizacao","status":"publish","type":"page","link":"https:\/\/www.infornos.pt\/infornos\/softwares\/contanorgxxi-actualizacao\/","title":{"rendered":"ContaNorgXXI"},"content":{"rendered":"<address>\u00a0<\/address>\n<address><a href=\"http:\/\/www.infornos.pt\/infornos\/wp-content\/uploads\/2019\/01\/ContaNorgXXI_ICON.jpg\"><img loading=\"lazy\" class=\"wp-image-513 aligncenter\" src=\"http:\/\/www.infornos.pt\/infornos\/wp-content\/uploads\/2019\/01\/ContaNorgXXI_ICON.jpg\" alt=\"ContaNorgXXI_ICON\" width=\"90\" height=\"85\" \/><\/a><\/address>\n<address>\u00a0<\/address>\n<address>\n<address>\n<address>1.19.1<\/address>\n<address>&#8211; Melhorias Diversas<\/address>\n<address>&#8211; Melhorias na Importa\u00e7\u00e3o dos Documentos de Compras do Site E-Facturas<\/address>\n<address>&#8211; Cria\u00e7\u00e3o do Ficheiro da Declara\u00e7\u00e3o Iva<\/address>\n<address>\u00a0<\/address>\n<\/address>\n<\/address>\n<address>\u00a0<\/address>\n<address>1.19 Vers\u00e3o 2019<\/address>\n<address><div class='w3eden'><!-- WPDM Link Template: Default Template -->\n\n\n<div class=\"link-template-default card mb-2\">\n    <div class=\"card-body\">\n        <div class=\"media stack-xs\">\n            <div class=\"media-body\">\n                <div class=\"media\">\n                    <div class=\"mr-3 img-48\"><img class=\"wpdm_icon\" alt=\"Icon\"   src=\"http:\/\/www.infornos.pt\/infornos\/wp-content\/plugins\/download-manager\/assets\/file-type-icons\/download_drive.png\" \/><\/div>\n                    <div class=\"media-body\">\n                        <h3 class=\"package-title\"><a href='https:\/\/www.infornos.pt\/infornos\/download\/versao-completa-2019\/'>Vers\u00e3o Completa 2019<\/a><\/h3>\n                        <div class=\"text-muted text-small\"><i class=\"fas fa-copy\"><\/i> 1 file(s) <i class=\"fas fa-hdd ml-3\"><\/i> 24.80 MB<\/div>\n                    <\/div>\n                <\/div>\n            <\/div>\n            <div class=\"ml-3 wpdmdl-btn\">\n                <a class='wpdm-download-link btn btn-primary btn-xs' rel='nofollow' href='#' onclick=\"location.href='https:\/\/www.infornos.pt\/infornos\/download\/versao-completa-2019\/?wpdmdl=1199&refresh=69e3a646b2afe1776526918';return false;\">Download<\/a>\n            <\/div>\n        <\/div>\n    <\/div>\n<\/div>\n\n\n<\/div><\/address>\n<address>\u00a0<\/address>\n<address>\n<address>\n<address>1.18.5<\/address>\n<address>&#8211; Importa\u00e7\u00e3o de Documentos Compras do Portal E-Factura<\/address>\n<address>&#8211; Melhorias Diversas<\/address>\n<\/address>\n<address>\u00a0<\/address>\n<address>1.18.4<\/address>\n<address>&#8211; Melhorias Diversas<\/address>\n<address>&#8211; Declara\u00e7\u00e3o do Iva para pequenos retalhistas<\/address>\n<address>\u00a0<\/address>\n<address>1.18.3<\/address>\n<\/address>\n<address>&#8211; Cria\u00e7\u00e3o de Clientes\/Fornecedores automaticamente<\/address>\n<address>\u00a0<\/address>\n<address>1.18.2<\/address>\n<address>&#8211; Melhorias Diversas<\/address>\n<p>&nbsp;<\/p>\n","protected":false},"excerpt":{"rendered":"<p>\u00a0 \u00a0 1.19.1 &#8211; Melhorias Diversas &#8211; Melhorias na Importa\u00e7\u00e3o dos Documentos de Compras do Site E-Facturas &#8211; Cria\u00e7\u00e3o do Ficheiro da Declara\u00e7\u00e3o Iva \u00a0 \u00a0 1.19 Vers\u00e3o 2019 \u00a0 1.18.5 &#8211; Importa\u00e7\u00e3o de Documentos Compras do Portal E-Factura &#8211; Melhorias Diversas \u00a0 1.18.4 &#8211; Melhorias Diversas &#8211; Declara\u00e7\u00e3o do Iva para pequenos retalhistas \u00a0 [&hellip;]<\/p>\n","protected":false},"author":1,"featured_media":0,"parent":1091,"menu_order":0,"comment_status":"closed","ping_status":"closed","template":"","meta":[],"_links":{"self":[{"href":"https:\/\/www.infornos.pt\/infornos\/wp-json\/wp\/v2\/pages\/511"}],"collection":[{"href":"https:\/\/www.infornos.pt\/infornos\/wp-json\/wp\/v2\/pages"}],"about":[{"href":"https:\/\/www.infornos.pt\/infornos\/wp-json\/wp\/v2\/types\/page"}],"author":[{"embeddable":true,"href":"https:\/\/www.infornos.pt\/infornos\/wp-json\/wp\/v2\/users\/1"}],"replies":[{"embeddable":true,"href":"https:\/\/www.infornos.pt\/infornos\/wp-json\/wp\/v2\/comments?post=511"}],"version-history":[{"count":7,"href":"https:\/\/www.infornos.pt\/infornos\/wp-json\/wp\/v2\/pages\/511\/revisions"}],"predecessor-version":[{"id":1201,"href":"https:\/\/www.infornos.pt\/infornos\/wp-json\/wp\/v2\/pages\/511\/revisions\/1201"}],"up":[{"embeddable":true,"href":"https:\/\/www.infornos.pt\/infornos\/wp-json\/wp\/v2\/pages\/1091"}],"wp:attachment":[{"href":"https:\/\/www.infornos.pt\/infornos\/wp-json\/wp\/v2\/media?parent=511"}],"curies":[{"name":"wp","href":"https:\/\/api.w.org\/{rel}","templated":true}]}}