{"id":1742,"date":"2022-12-04T18:09:49","date_gmt":"2022-12-04T18:09:49","guid":{"rendered":"https:\/\/www.infornos.pt\/infornos\/?page_id=1742"},"modified":"2022-12-04T18:09:49","modified_gmt":"2022-12-04T18:09:49","slug":"decreto-lei-n-o-59-2021","status":"publish","type":"page","link":"https:\/\/www.infornos.pt\/infornos\/decreto-lei-n-o-59-2021\/","title":{"rendered":"Decreto-Lei n.\u00ba 59\/2021"},"content":{"rendered":"<p>Em cumprimento do Decreto-Lei n.\u00ba 59\/2021, informamos os senhores consumidores que os nossos n\u00fameros de contactos telef\u00f3nicos come\u00e7ados por 2(dois), ser\u00e1 uma Chamada para a rede fixa nacional, e os come\u00e7ados por 9(nove) , ser\u00e1 uma Chamada para rede m\u00f3vel nacional.<\/p>\n<p>Estarmos sempre ao vosso dispor ..<\/p>\n<p>Obrigado<\/p>\n","protected":false},"excerpt":{"rendered":"<p>Em cumprimento do Decreto-Lei n.\u00ba 59\/2021, informamos os senhores consumidores que os nossos n\u00fameros de contactos telef\u00f3nicos come\u00e7ados por 2(dois), ser\u00e1 uma Chamada para a rede fixa nacional, e os come\u00e7ados por 9(nove) , ser\u00e1 uma Chamada para rede m\u00f3vel nacional. Estarmos sempre ao vosso dispor .. Obrigado<\/p>\n","protected":false},"author":1,"featured_media":0,"parent":0,"menu_order":0,"comment_status":"closed","ping_status":"closed","template":"","meta":[],"_links":{"self":[{"href":"https:\/\/www.infornos.pt\/infornos\/wp-json\/wp\/v2\/pages\/1742"}],"collection":[{"href":"https:\/\/www.infornos.pt\/infornos\/wp-json\/wp\/v2\/pages"}],"about":[{"href":"https:\/\/www.infornos.pt\/infornos\/wp-json\/wp\/v2\/types\/page"}],"author":[{"embeddable":true,"href":"https:\/\/www.infornos.pt\/infornos\/wp-json\/wp\/v2\/users\/1"}],"replies":[{"embeddable":true,"href":"https:\/\/www.infornos.pt\/infornos\/wp-json\/wp\/v2\/comments?post=1742"}],"version-history":[{"count":1,"href":"https:\/\/www.infornos.pt\/infornos\/wp-json\/wp\/v2\/pages\/1742\/revisions"}],"predecessor-version":[{"id":1743,"href":"https:\/\/www.infornos.pt\/infornos\/wp-json\/wp\/v2\/pages\/1742\/revisions\/1743"}],"wp:attachment":[{"href":"https:\/\/www.infornos.pt\/infornos\/wp-json\/wp\/v2\/media?parent=1742"}],"curies":[{"name":"wp","href":"https:\/\/api.w.org\/{rel}","templated":true}]}}