{"id":1575,"date":"2021-01-09T18:29:31","date_gmt":"2021-01-09T18:29:31","guid":{"rendered":"http:\/\/www.infornos.pt\/infornos\/?page_id=1575"},"modified":"2021-03-11T10:52:10","modified_gmt":"2021-03-11T10:52:10","slug":"irs-2020","status":"publish","type":"page","link":"https:\/\/www.infornos.pt\/infornos\/irs-2020\/","title":{"rendered":"IRS 2020"},"content":{"rendered":"<div class=\"overview\">\n<p><strong><a href=\"http:\/\/www.infornos.pt\/infornos\/wp-content\/uploads\/2021\/01\/thumb-IRS_2020.jpg\"><img loading=\"lazy\" class=\"wp-image-1577 alignright\" src=\"http:\/\/www.infornos.pt\/infornos\/wp-content\/uploads\/2021\/01\/thumb-IRS_2020.jpg\" alt=\"\" width=\"416\" height=\"234\" srcset=\"https:\/\/www.infornos.pt\/infornos\/wp-content\/uploads\/2021\/01\/thumb-IRS_2020.jpg 660w, https:\/\/www.infornos.pt\/infornos\/wp-content\/uploads\/2021\/01\/thumb-IRS_2020-300x169.jpg 300w, https:\/\/www.infornos.pt\/infornos\/wp-content\/uploads\/2021\/01\/thumb-IRS_2020-230x129.jpg 230w, https:\/\/www.infornos.pt\/infornos\/wp-content\/uploads\/2021\/01\/thumb-IRS_2020-350x197.jpg 350w, https:\/\/www.infornos.pt\/infornos\/wp-content\/uploads\/2021\/01\/thumb-IRS_2020-480x270.jpg 480w\" sizes=\"(max-width: 416px) 100vw, 416px\" \/><\/a><\/strong><strong>Fazemos a entrega do seu IRS..<br \/>\n<\/strong><\/p>\n<p>N\u00e3o perca tempo, nem esteja preocupado com a entrega do seu <strong>IRS<\/strong>.<\/p>\n<ul>\n<li>Efectuamos o preenchimento e entrega da sua Declara\u00e7\u00e3o.<\/li>\n<li>Confirmamos as suas facturas<\/li>\n<li>Simula\u00e7\u00f5es com Tributa\u00e7\u00e3o Separada ou Conjunta<\/li>\n<li>Actos Isolados e Recibos Verdes<\/li>\n<li>Comunicar altera\u00e7\u00e3o de agregados familiares<\/li>\n<li><span class=\"highlight\">Total seguran\u00e7a e garantia<\/span><\/li>\n<li>Todos os Anexos ( Trab. Dependente, Mais Valias, Rendas &#8230; )<\/li>\n<li>Envio de Comprovativos<\/li>\n<li>Pedido Pagamento do IRS a Presta\u00e7\u00f5es<\/li>\n<\/ul>\n<ul>\n<li><strong><span style=\"color: #ff0000;\">Desde 20\u20ac ( Anexo A+H ) + 5\u20ac por cada anexo extra<\/span><\/strong><\/li>\n<\/ul>\n<p>\u00c9 muito importante n\u00e3o deixar para a \u00faltima da hora o preenchimento da declara\u00e7\u00e3o, pois s\u00e3o aplicadas multas elevadas ao submeter a declara\u00e7\u00e3o fora do prazo.<\/p>\n<p><a href=\"http:\/\/www.infornos.pt\/infornos\/wp-content\/uploads\/2021\/01\/news_irs-02.png\"><img loading=\"lazy\" class=\" wp-image-1581 alignright\" src=\"http:\/\/www.infornos.pt\/infornos\/wp-content\/uploads\/2021\/01\/news_irs-02.png\" alt=\"\" width=\"515\" height=\"195\" srcset=\"https:\/\/www.infornos.pt\/infornos\/wp-content\/uploads\/2021\/01\/news_irs-02.png 621w, https:\/\/www.infornos.pt\/infornos\/wp-content\/uploads\/2021\/01\/news_irs-02-300x114.png 300w, https:\/\/www.infornos.pt\/infornos\/wp-content\/uploads\/2021\/01\/news_irs-02-230x87.png 230w, https:\/\/www.infornos.pt\/infornos\/wp-content\/uploads\/2021\/01\/news_irs-02-350x132.png 350w, https:\/\/www.infornos.pt\/infornos\/wp-content\/uploads\/2021\/01\/news_irs-02-480x182.png 480w\" sizes=\"(max-width: 515px) 100vw, 515px\" \/><\/a><\/p>\n<p><strong>Prazos do IRS 2020<\/strong><\/p>\n<ul>\n<li>At\u00e9 dia 31 de Janeiro de 20121 &#8211; Entregar Modelo 44, do valore das rendas recebidas, e com recibos efectuados manualmente<\/li>\n<li>At\u00e9 dia 15 de Fevereiro de 2021 &#8211; O primeiro dos prazos do IRS em 2020 a que deve estar atento \u00e9 15 de fevereiro. Esta \u00e9 a data-limite para comunicar o agregado familiar.\u00a0Se a sua situa\u00e7\u00e3o familiar ou pessoal se alterou (nascimento de filhos, casamento, div\u00f3rcio, morte do c\u00f4njuge, mudan\u00e7a de resid\u00eancia permanente, filhos em guarda-conjunta, ou filhos que deixaram de ser considerados dependentes) deve comunic\u00e1-las \u00e0 AT, no Portal das Finan\u00e7as.<\/li>\n<li>At\u00e9 dia 25 de Fevereiro de 2021 &#8211; Outro dos prazos do IRS em 2021 que deve merecer a sua aten\u00e7\u00e3o \u00e9 25 de fevereiro. At\u00e9 esta data deve verificar todas as faturas de despesas na sua p\u00e1gina pessoal do e-fatura, no Portal das Finan\u00e7as. N\u00e3o se esque\u00e7a de consultar tamb\u00e9m as p\u00e1ginas dos seus filhos no e-fatura.<\/li>\n<li>De 1 de abril a 30 de junho &#8211; A entrega do IRS em 2020, referente aos rendimentos de 2019, \u00e9 realizada de 1 de abril a 30 de junho. Isto independentemente da categoria de rendimentos. Este \u00e9 um dos prazos do IRS que n\u00e3o pode mesmo falhar, Se entregar o IRS em abril ou maio e tiver direito a receber reembolso, deve ter o dinheiro \u00e0 sua disposi\u00e7\u00e3o at\u00e9 ao final de junho.<\/li>\n<li>At\u00e9 dia 31 de Julho de 2021 &#8211; Ser\u00e1\u00a0 envia-da pela AT\u00a0 a nota de liquida\u00e7\u00e3o do IRS. Mas para isso \u00e9 necess\u00e1rio que o IRS seja entregue dentro do prazo legal. \u00c9 nesse documento que a AT mostra como calculou o imposto.<\/li>\n<li>At\u00e9 dia 31 de Agosto de 2021 &#8211; Se tiver de pagar imposto a pagar ao Estado, deve faz\u00ea-lo at\u00e9 ao dia 31 de agosto, ou efectuar um pedido do pagamento a presta\u00e7\u00f5es. Isto se cumpriu o prazo de entrega do IRS. Caso contr\u00e1rio, tem at\u00e9 31 de dezembro para efetuar o pagamento.<\/li>\n<\/ul>\n<div role=\"form\" class=\"wpcf7\" id=\"wpcf7-f1607-o1\" lang=\"pt-PT\" dir=\"ltr\">\n<div class=\"screen-reader-response\"><p role=\"status\" aria-live=\"polite\" aria-atomic=\"true\"><\/p> <ul><\/ul><\/div>\n<form action=\"\/infornos\/wp-json\/wp\/v2\/pages\/1575#wpcf7-f1607-o1\" method=\"post\" class=\"wpcf7-form init\" enctype=\"multipart\/form-data\" novalidate=\"novalidate\" data-status=\"init\">\n<div style=\"display: none;\">\n<input type=\"hidden\" name=\"_wpcf7\" value=\"1607\" \/>\n<input type=\"hidden\" name=\"_wpcf7_version\" value=\"5.3\" \/>\n<input type=\"hidden\" name=\"_wpcf7_locale\" value=\"pt_PT\" \/>\n<input type=\"hidden\" name=\"_wpcf7_unit_tag\" value=\"wpcf7-f1607-o1\" \/>\n<input type=\"hidden\" name=\"_wpcf7_container_post\" value=\"0\" \/>\n<input type=\"hidden\" name=\"_wpcf7_posted_data_hash\" value=\"\" \/>\n<\/div>\n<p>Nome : <span class=\"wpcf7-form-control-wrap text-185\"><input type=\"text\" name=\"text-185\" value=\"\" size=\"40\" class=\"wpcf7-form-control wpcf7-text wpcf7-validates-as-required\" aria-required=\"true\" aria-invalid=\"false\" placeholder=\"Nome*\" \/><\/span><\/p>\n<p>Email : <span class=\"wpcf7-form-control-wrap email-978\"><input type=\"email\" name=\"email-978\" value=\"\" size=\"40\" class=\"wpcf7-form-control wpcf7-text wpcf7-email wpcf7-validates-as-required wpcf7-validates-as-email\" aria-required=\"true\" aria-invalid=\"false\" placeholder=\"E-mail*\" \/><\/span><\/p>\n<p>Telef. : <span class=\"wpcf7-form-control-wrap tel-351\"><input type=\"tel\" name=\"tel-351\" value=\"\" size=\"40\" class=\"wpcf7-form-control wpcf7-text wpcf7-tel wpcf7-validates-as-tel\" aria-invalid=\"false\" placeholder=\"Contactos Telef\u00f3nicos*\" \/><\/span><\/p>\n<p>Assunto : <span class=\"wpcf7-form-control-wrap text-999\"><input type=\"text\" name=\"text-999\" value=\"\" size=\"40\" class=\"wpcf7-form-control wpcf7-text\" aria-invalid=\"false\" placeholder=\"Assunto\" \/><\/span><\/p>\n<p>Sujeito Passivo A : <span class=\"wpcf7-form-control-wrap text-880\"><input type=\"text\" name=\"text-880\" value=\"\" size=\"15\" class=\"wpcf7-form-control wpcf7-text\" aria-invalid=\"false\" placeholder=\"NIF\" \/><\/span> ---> <span class=\"wpcf7-form-control-wrap text-890\"><input type=\"text\" name=\"text-890\" value=\"\" size=\"15\" class=\"wpcf7-form-control wpcf7-text\" aria-invalid=\"false\" placeholder=\"SENHA\" \/><\/span><\/p>\n<p>Sujeito Passivo B : <span class=\"wpcf7-form-control-wrap text-881\"><input type=\"text\" name=\"text-881\" value=\"\" size=\"15\" class=\"wpcf7-form-control wpcf7-text\" aria-invalid=\"false\" placeholder=\"NIF\" \/><\/span> ---> <span class=\"wpcf7-form-control-wrap text-891\"><input type=\"text\" name=\"text-891\" value=\"\" size=\"15\" class=\"wpcf7-form-control wpcf7-text\" aria-invalid=\"false\" placeholder=\"SENHA\" \/><\/span><\/p>\n<p>Dependente 1 : <span class=\"wpcf7-form-control-wrap text-882\"><input type=\"text\" name=\"text-882\" value=\"\" size=\"15\" class=\"wpcf7-form-control wpcf7-text\" aria-invalid=\"false\" placeholder=\"NIF\" \/><\/span> ---> <span class=\"wpcf7-form-control-wrap text-892\"><input type=\"text\" name=\"text-892\" value=\"\" size=\"15\" class=\"wpcf7-form-control wpcf7-text\" aria-invalid=\"false\" placeholder=\"SENHA\" \/><\/span> <\/p>\n<p>Dependente 2 : <span class=\"wpcf7-form-control-wrap text-883\"><input type=\"text\" name=\"text-883\" value=\"\" size=\"15\" class=\"wpcf7-form-control wpcf7-text\" aria-invalid=\"false\" placeholder=\"NIF\" \/><\/span> ---> <span class=\"wpcf7-form-control-wrap text-893\"><input type=\"text\" name=\"text-893\" value=\"\" size=\"15\" class=\"wpcf7-form-control wpcf7-text\" aria-invalid=\"false\" placeholder=\"SENHA\" \/><\/span><\/p>\n<p>Dependente 3 : <span class=\"wpcf7-form-control-wrap text-884\"><input type=\"text\" name=\"text-884\" value=\"\" size=\"15\" class=\"wpcf7-form-control wpcf7-text\" aria-invalid=\"false\" placeholder=\"NIF\" \/><\/span> ---> <span class=\"wpcf7-form-control-wrap text-894\"><input type=\"text\" name=\"text-894\" value=\"\" size=\"15\" class=\"wpcf7-form-control wpcf7-text\" aria-invalid=\"false\" placeholder=\"SENHA\" \/><\/span><\/p>\n<p><span class=\"wpcf7-form-control-wrap textarea-1500\"><textarea name=\"textarea-1500\" cols=\"40\" rows=\"10\" class=\"wpcf7-form-control wpcf7-textarea\" aria-invalid=\"false\" placeholder=\"Mensagem\"><\/textarea><\/span><\/p>\n<p> Ficheiro em formato pdf( Maximo 5Mb ) <span class=\"wpcf7-form-control-wrap file-774\"><input type=\"file\" name=\"file-774\" size=\"40\" class=\"wpcf7-form-control wpcf7-file\" accept=\".pdf\" aria-invalid=\"false\" \/><\/span><\/p>\n<p> Ficheiro em formato zip( Maximo 5Mb ) <span class=\"wpcf7-form-control-wrap file-490\"><input type=\"file\" name=\"file-490\" size=\"40\" class=\"wpcf7-form-control wpcf7-file\" accept=\".zip\" aria-invalid=\"false\" \/><\/span><\/p>\n<\/p>\n<p><span class=\"wpcf7-form-control-wrap acceptance-204\"><span class=\"wpcf7-form-control wpcf7-acceptance\"><span class=\"wpcf7-list-item\"><label><input type=\"checkbox\" name=\"acceptance-204\" value=\"1\" aria-invalid=\"false\" \/><span class=\"wpcf7-list-item-label\">Li e aceito os \n<a href=\"http:\/\/www.infornos.pt\/infornos\/politica-de-privacidade-de-proteccao-de-dados\/\" target=\"_blank\" rel=\"noopener\">termos de privacidade<\/a>.<\/span><\/label><\/span><\/span><\/span>\n<p style=\"padding-left: 16px;\"><input type=\"submit\" value=\"Enviar\" class=\"wpcf7-form-control wpcf7-submit\" \/><\/p>\n<\/p>\n<p style=\"text-align: left;\">(*) Preenchimento Obrigat\u00f3rio<\/p>\n<div class=\"wpcf7-response-output\" aria-hidden=\"true\"><\/div><\/form><\/div>\n<p>Aten\u00e7\u00e3o!<\/p>\n<p><em>N\u00e3o\u00a0 recomendam que o IRS n\u00e3o seja entregue nos primeiros 15 dias. Todos os anos, o formul\u00e1rio do IRS \u00e9 alvo de altera\u00e7\u00f5es, que s\u00e3o testadas em ambiente real nos primeiros dias de entrega da declara\u00e7\u00e3o.<\/em><\/p>\n<p><a href=\"http:\/\/www.infornos.pt\/infornos\/wp-content\/uploads\/2021\/01\/irs.jpg\"><img loading=\"lazy\" class=\"size-full wp-image-1579 aligncenter\" src=\"http:\/\/www.infornos.pt\/infornos\/wp-content\/uploads\/2021\/01\/irs.jpg\" alt=\"\" width=\"1120\" height=\"630\" srcset=\"https:\/\/www.infornos.pt\/infornos\/wp-content\/uploads\/2021\/01\/irs.jpg 1120w, https:\/\/www.infornos.pt\/infornos\/wp-content\/uploads\/2021\/01\/irs-300x169.jpg 300w, https:\/\/www.infornos.pt\/infornos\/wp-content\/uploads\/2021\/01\/irs-1024x576.jpg 1024w, https:\/\/www.infornos.pt\/infornos\/wp-content\/uploads\/2021\/01\/irs-768x432.jpg 768w, https:\/\/www.infornos.pt\/infornos\/wp-content\/uploads\/2021\/01\/irs-830x467.jpg 830w, https:\/\/www.infornos.pt\/infornos\/wp-content\/uploads\/2021\/01\/irs-230x129.jpg 230w, https:\/\/www.infornos.pt\/infornos\/wp-content\/uploads\/2021\/01\/irs-350x197.jpg 350w, https:\/\/www.infornos.pt\/infornos\/wp-content\/uploads\/2021\/01\/irs-480x270.jpg 480w\" sizes=\"(max-width: 1120px) 100vw, 1120px\" \/><\/a><\/p>\n<\/div>\n","protected":false},"excerpt":{"rendered":"<p>Fazemos a entrega do seu IRS.. N\u00e3o perca tempo, nem esteja preocupado com a entrega do seu IRS. Efectuamos o preenchimento e entrega da sua Declara\u00e7\u00e3o. Confirmamos as suas facturas Simula\u00e7\u00f5es com Tributa\u00e7\u00e3o Separada ou Conjunta Actos Isolados e Recibos Verdes Comunicar altera\u00e7\u00e3o de agregados familiares Total seguran\u00e7a e garantia Todos os Anexos ( Trab. [&hellip;]<\/p>\n","protected":false},"author":1,"featured_media":0,"parent":0,"menu_order":0,"comment_status":"closed","ping_status":"closed","template":"","meta":[],"_links":{"self":[{"href":"https:\/\/www.infornos.pt\/infornos\/wp-json\/wp\/v2\/pages\/1575"}],"collection":[{"href":"https:\/\/www.infornos.pt\/infornos\/wp-json\/wp\/v2\/pages"}],"about":[{"href":"https:\/\/www.infornos.pt\/infornos\/wp-json\/wp\/v2\/types\/page"}],"author":[{"embeddable":true,"href":"https:\/\/www.infornos.pt\/infornos\/wp-json\/wp\/v2\/users\/1"}],"replies":[{"embeddable":true,"href":"https:\/\/www.infornos.pt\/infornos\/wp-json\/wp\/v2\/comments?post=1575"}],"version-history":[{"count":9,"href":"https:\/\/www.infornos.pt\/infornos\/wp-json\/wp\/v2\/pages\/1575\/revisions"}],"predecessor-version":[{"id":1617,"href":"https:\/\/www.infornos.pt\/infornos\/wp-json\/wp\/v2\/pages\/1575\/revisions\/1617"}],"wp:attachment":[{"href":"https:\/\/www.infornos.pt\/infornos\/wp-json\/wp\/v2\/media?parent=1575"}],"curies":[{"name":"wp","href":"https:\/\/api.w.org\/{rel}","templated":true}]}}