{"id":1550,"date":"2020-12-24T16:25:21","date_gmt":"2020-12-24T16:25:21","guid":{"rendered":"http:\/\/www.infornos.pt\/infornos\/?page_id=1550"},"modified":"2020-12-24T16:49:17","modified_gmt":"2020-12-24T16:49:17","slug":"alvara-construcao-civil-online","status":"publish","type":"page","link":"https:\/\/www.infornos.pt\/infornos\/alvara-construcao-civil-online\/","title":{"rendered":"Alvar\u00e1 Constru\u00e7\u00e3o Civil &#8211; online"},"content":{"rendered":"<p><a href=\"http:\/\/www.infornos.pt\/infornos\/alvara-construcao-civil-online\/\"><img loading=\"lazy\" class=\"wp-image-1552 aligncenter\" src=\"http:\/\/www.infornos.pt\/infornos\/wp-content\/uploads\/2020\/12\/unnamed.jpg\" alt=\"\" width=\"257\" height=\"182\" srcset=\"https:\/\/www.infornos.pt\/infornos\/wp-content\/uploads\/2020\/12\/unnamed.jpg 512w, https:\/\/www.infornos.pt\/infornos\/wp-content\/uploads\/2020\/12\/unnamed-300x212.jpg 300w, https:\/\/www.infornos.pt\/infornos\/wp-content\/uploads\/2020\/12\/unnamed-230x163.jpg 230w, https:\/\/www.infornos.pt\/infornos\/wp-content\/uploads\/2020\/12\/unnamed-350x247.jpg 350w, https:\/\/www.infornos.pt\/infornos\/wp-content\/uploads\/2020\/12\/unnamed-480x339.jpg 480w\" sizes=\"(max-width: 257px) 100vw, 257px\" \/><\/a><\/p>\n<p align=\"center\"><span style=\"color: #800000;\"><strong>Alvar\u00e1 de Empreiteiro de <span style=\"color: #339966;\">Obras Particulares<\/span><br \/>\n<\/strong><\/span><\/p>\n<p align=\"center\">( Pedidos s\u00f3 at\u00e9 a Classe 2 )<\/p>\n<p>A concess\u00e3o de Alvar\u00e1 depende do pagamento de Taxa Inicial no valor de <strong>75\u20ac<\/strong> para o IMPIC e de <strong>50\u20ac+Iva<\/strong> pela prepara\u00e7\u00e3o e envio do pedido.<\/p>\n<p><span style=\"color: #ff0000;\"><em>O pagamento da Taxa Inicial \u00e9 condi\u00e7\u00e3o de aprecia\u00e7\u00e3o do pedido. <\/em><\/span><\/p>\n<p>Ao valor da taxa final devida pelo deferimento do pedido \u00e9 deduzido o valor de 75\u20ac.<\/p>\n<table style=\"height: 488px;\" width=\"835\" align=\"center\">\n<tbody>\n<tr>\n<td style=\"text-align: center; width: 50%;\"><strong><span style=\"color: #800000;\">Pessoa Singular<\/span><\/strong><\/td>\n<td style=\"text-align: center; width: 50%;\"><strong><span style=\"color: #800000;\">Pessoa Colectiva<\/span><\/strong><\/td>\n<\/tr>\n<tr>\n<td>\n<p style=\"text-align: left;\"><span style=\"color: #3366ff;\">&#8211; <b>Documento emitido pela Autoridade Tribut\u00e1ria<\/b><\/span>, em nome da pessoa singular onde conste a atividade da <b>Constru\u00e7\u00e3o<\/b>, Sec\u00e7\u00e3o F da Classifica\u00e7\u00e3o das Atividades Econ\u00f3micas (CAE) e o domic\u00edlio fiscal atualizado conforme o indicado no formul\u00e1rio do pedido online.<\/p>\n<p style=\"text-align: left;\"><span style=\"color: #3366ff;\">&#8211; <b>Certificado do registo criminal em nome da pessoa singular<\/b><\/span>, cujo fim a que se destina deve ser: \u201cEMPREITEIRO DE OBRAS PARTICULARES\u201d, v\u00e1lido \u00e0 data de submiss\u00e3o do formul\u00e1rio ou \u00e0 data de entrada nas Associa\u00e7\u00f5es com protocolo com o IMPIC, IP.<\/p>\n<p style=\"text-align: left;\"><span style=\"color: #3366ff;\">&#8211; <b>Declara\u00e7\u00e3o da entidade seguradora<\/b>,<\/span> comprovando a posse do seguro de acidentes de trabalho, de acordo com a <a href=\"http:\/\/www.impic.pt\/impic\/assets\/misc\/pdf\/modelos\/construcao\/IMPIC_MINUTA%20DE%20DECLARA%C3%87%C3%83O%20DE%20SEGUROS.pdf\" target=\"_blank\" rel=\"noopener noreferrer\">Minuta do IMPIC, I.P.<\/a><\/p>\n<p>&nbsp;<\/p>\n<p>&nbsp;<\/p>\n<p>&nbsp;<\/td>\n<td>\n<p style=\"text-align: left;\"><span style=\"color: #3366ff;\">&#8211; <b>Certid\u00e3o Permanente do Registo Comercial<\/b><\/span> onde conste a atividade da <b>Constru\u00e7\u00e3o<\/b>, Sec\u00e7\u00e3o F da Classifica\u00e7\u00e3o das Atividades Econ\u00f3micas (CAE) e com todos os registos atualizados (denomina\u00e7\u00e3o e sede social, cessa\u00e7\u00e3o de fun\u00e7\u00f5es e nomea\u00e7\u00e3o de novos representantes legais). Em caso de altera\u00e7\u00e3o topon\u00edmica da sede social por delibera\u00e7\u00e3o da autoridade aut\u00e1rquica, poder\u00e1 anexar documento camar\u00e1rio comprovativo da respetiva altera\u00e7\u00e3o, sem preju\u00edzo de entrega da certid\u00e3o permanente.<\/p>\n<p style=\"text-align: left;\"><span style=\"color: #3366ff;\">&#8211; <b>Certificado do registo criminal em nome da pessoa coletiva e de cada representante legal da pessoa coletiva<\/b><\/span>, cujo fim a que se destina deve ser: \u201cEMPREITEIRO DE OBRAS PARTICULARES\u201d, v\u00e1lido \u00e0 data de submiss\u00e3o do formul\u00e1rio ou \u00e0 data de entrada nas Associa\u00e7\u00f5es com protocolo com o IMPIC, IP.<\/p>\n<p style=\"text-align: left;\"><span style=\"color: #3366ff;\">&#8211; <b>Declara\u00e7\u00e3o da entidade seguradora<\/b><\/span>, comprovando a posse do seguro de acidentes de trabalho, de acordo com a <a href=\"http:\/\/www.impic.pt\/impic\/assets\/misc\/pdf\/modelos\/construcao\/IMPIC_MINUTA%20DE%20DECLARA%C3%87%C3%83O%20DE%20SEGUROS.pdf\" target=\"_blank\" rel=\"noopener noreferrer\">Minuta do IMPIC, I.P.<\/a><\/p>\n<\/td>\n<\/tr>\n<\/tbody>\n<\/table>\n<p align=\"center\">Portaria das classes<br \/>\n<a class=\"anchor_file\" href=\"http:\/\/www.impic.pt\/impic\/assets\/misc\/pdf\/legislacao\/Portaria2012119.pdf\" target=\"_blank\" rel=\"noopener noreferrer\">Portaria n.\u00ba 119\/2012<\/a>, de 1 de maio<br \/>\n<a class=\"anchor_file\" href=\"http:\/\/www.impic.pt\/impic\/assets\/misc\/pdf\/legislacao\/DeclRectifica201225.pdf\" target=\"_blank\" rel=\"noopener noreferrer\">Declara\u00e7\u00f5es de Retifica\u00e7\u00e3o n.\u00ba 25<\/a>\u00a0e\u00a0<a class=\"anchor_file\" href=\"http:\/\/www.impic.pt\/impic\/assets\/misc\/pdf\/legislacao\/DeclRectifica201227.pdf\" target=\"_blank\" rel=\"noopener noreferrer\">27\/2012<\/a><\/p>\n<table align=\"center\">\n<tbody>\n<tr>\n<td align=\"center\">Classes de habilita\u00e7\u00f5es<\/td>\n<td align=\"center\">Valores m\u00e1ximos das obras permitidas (em euros)<\/td>\n<\/tr>\n<tr>\n<td align=\"center\">1<\/td>\n<td align=\"center\">At\u00e9 166 000<\/td>\n<\/tr>\n<tr>\n<td align=\"center\">2<\/td>\n<td align=\"center\">\u00a0At\u00e9 332 000<\/td>\n<\/tr>\n<\/tbody>\n<\/table>\n<p>&nbsp;<\/p>\n<p><strong><em>Contacte-nos &#8230;. porque nunca foi t\u00e3o f\u00e1cil<\/em> <\/strong><\/p>\n<blockquote><div role=\"form\" class=\"wpcf7\" id=\"wpcf7-f1549-o1\" lang=\"pt-PT\" dir=\"ltr\">\n<div class=\"screen-reader-response\"><p role=\"status\" aria-live=\"polite\" aria-atomic=\"true\"><\/p> <ul><\/ul><\/div>\n<form action=\"\/infornos\/wp-json\/wp\/v2\/pages\/1550#wpcf7-f1549-o1\" method=\"post\" class=\"wpcf7-form init\" enctype=\"multipart\/form-data\" novalidate=\"novalidate\" data-status=\"init\">\n<div style=\"display: none;\">\n<input type=\"hidden\" name=\"_wpcf7\" value=\"1549\" \/>\n<input type=\"hidden\" name=\"_wpcf7_version\" value=\"5.3\" \/>\n<input type=\"hidden\" name=\"_wpcf7_locale\" value=\"pt_PT\" \/>\n<input type=\"hidden\" name=\"_wpcf7_unit_tag\" value=\"wpcf7-f1549-o1\" \/>\n<input type=\"hidden\" name=\"_wpcf7_container_post\" value=\"0\" \/>\n<input type=\"hidden\" name=\"_wpcf7_posted_data_hash\" value=\"\" \/>\n<\/div>\n<p><span class=\"wpcf7-form-control-wrap text-185\"><input type=\"text\" name=\"text-185\" value=\"\" size=\"40\" class=\"wpcf7-form-control wpcf7-text wpcf7-validates-as-required\" aria-required=\"true\" aria-invalid=\"false\" placeholder=\"Nome*\" \/><\/span><\/p>\n<p><span class=\"wpcf7-form-control-wrap email-978\"><input type=\"email\" name=\"email-978\" value=\"\" size=\"40\" class=\"wpcf7-form-control wpcf7-text wpcf7-email wpcf7-validates-as-required wpcf7-validates-as-email\" aria-required=\"true\" aria-invalid=\"false\" placeholder=\"E-mail*\" \/><\/span><\/p>\n<p><span class=\"wpcf7-form-control-wrap tel-351\"><input type=\"tel\" name=\"tel-351\" value=\"\" size=\"40\" class=\"wpcf7-form-control wpcf7-text wpcf7-tel wpcf7-validates-as-tel\" aria-invalid=\"false\" placeholder=\"Contactos Telef\u00f3nicos*\" \/><\/span><\/p>\n<p><span class=\"wpcf7-form-control-wrap text-586\"><input type=\"text\" name=\"text-586\" value=\"\" size=\"40\" class=\"wpcf7-form-control wpcf7-text\" aria-invalid=\"false\" placeholder=\"N\u00ba Contribuinte\" \/><\/span><\/p>\n<p><span class=\"wpcf7-form-control-wrap text-999\"><input type=\"text\" name=\"text-999\" value=\"\" size=\"40\" class=\"wpcf7-form-control wpcf7-text\" aria-invalid=\"false\" placeholder=\"Assunto\" \/><\/span><\/p>\n<p><span class=\"wpcf7-form-control-wrap textarea-1500\"><textarea name=\"textarea-1500\" cols=\"40\" rows=\"10\" class=\"wpcf7-form-control wpcf7-textarea\" aria-invalid=\"false\" placeholder=\"Mensagem\"><\/textarea><\/span><\/p>\n<p> Ficheiro em formato pdf( Maximo 5Mb ) <span class=\"wpcf7-form-control-wrap file-774\"><input type=\"file\" name=\"file-774\" size=\"40\" class=\"wpcf7-form-control wpcf7-file\" accept=\".pdf\" aria-invalid=\"false\" \/><\/span><\/p>\n<p> Ficheiro em formato zip( Maximo 5Mb ) <span class=\"wpcf7-form-control-wrap file-490\"><input type=\"file\" name=\"file-490\" size=\"40\" class=\"wpcf7-form-control wpcf7-file\" accept=\".zip\" aria-invalid=\"false\" \/><\/span><\/p>\n<\/p>\n<p><span class=\"wpcf7-form-control-wrap acceptance-204\"><span class=\"wpcf7-form-control wpcf7-acceptance\"><span class=\"wpcf7-list-item\"><label><input type=\"checkbox\" name=\"acceptance-204\" value=\"1\" aria-invalid=\"false\" \/><span class=\"wpcf7-list-item-label\">Li e aceito os \n<a href=\"http:\/\/www.infornos.pt\/infornos\/politica-de-privacidade-de-proteccao-de-dados\/\" target=\"_blank\" rel=\"noopener\">termos de privacidade<\/a>.<\/span><\/label><\/span><\/span><\/span>\n<p style=\"padding-left: 16px;\"><input type=\"submit\" value=\"Enviar\" class=\"wpcf7-form-control wpcf7-submit\" \/><\/p>\n<\/p>\n<p style=\"text-align: left;\">(*) Preenchimento Obrigat\u00f3rio<\/p>\n<div class=\"wpcf7-response-output\" aria-hidden=\"true\"><\/div><\/form><\/div><\/blockquote>\n","protected":false},"excerpt":{"rendered":"<p>Alvar\u00e1 de Empreiteiro de Obras Particulares ( Pedidos s\u00f3 at\u00e9 a Classe 2 ) A concess\u00e3o de Alvar\u00e1 depende do pagamento de Taxa Inicial no valor de 75\u20ac para o IMPIC e de 50\u20ac+Iva pela prepara\u00e7\u00e3o e envio do pedido. O pagamento da Taxa Inicial \u00e9 condi\u00e7\u00e3o de aprecia\u00e7\u00e3o do pedido. Ao valor da taxa [&hellip;]<\/p>\n","protected":false},"author":1,"featured_media":0,"parent":0,"menu_order":0,"comment_status":"closed","ping_status":"closed","template":"","meta":[],"_links":{"self":[{"href":"https:\/\/www.infornos.pt\/infornos\/wp-json\/wp\/v2\/pages\/1550"}],"collection":[{"href":"https:\/\/www.infornos.pt\/infornos\/wp-json\/wp\/v2\/pages"}],"about":[{"href":"https:\/\/www.infornos.pt\/infornos\/wp-json\/wp\/v2\/types\/page"}],"author":[{"embeddable":true,"href":"https:\/\/www.infornos.pt\/infornos\/wp-json\/wp\/v2\/users\/1"}],"replies":[{"embeddable":true,"href":"https:\/\/www.infornos.pt\/infornos\/wp-json\/wp\/v2\/comments?post=1550"}],"version-history":[{"count":12,"href":"https:\/\/www.infornos.pt\/infornos\/wp-json\/wp\/v2\/pages\/1550\/revisions"}],"predecessor-version":[{"id":1563,"href":"https:\/\/www.infornos.pt\/infornos\/wp-json\/wp\/v2\/pages\/1550\/revisions\/1563"}],"wp:attachment":[{"href":"https:\/\/www.infornos.pt\/infornos\/wp-json\/wp\/v2\/media?parent=1550"}],"curies":[{"name":"wp","href":"https:\/\/api.w.org\/{rel}","templated":true}]}}