{"id":1472,"date":"2020-12-05T20:42:29","date_gmt":"2020-12-05T20:42:29","guid":{"rendered":"http:\/\/www.infornos.pt\/infornos\/?page_id=1472"},"modified":"2020-12-05T21:33:56","modified_gmt":"2020-12-05T21:33:56","slug":"politica-de-privacidade-de-proteccao-de-dados","status":"publish","type":"page","link":"https:\/\/www.infornos.pt\/infornos\/politica-de-privacidade-de-proteccao-de-dados\/","title":{"rendered":"Politica de privacidade de protec\u00e7\u00e3o de dados"},"content":{"rendered":"<p>Esta Empresa, assume o compromisso de garantir a protec\u00e7\u00e3o de todos os dados pessoais que lhe sejam disponibilizados. Neste sentido foram adoptadas diversas medidas de seguran\u00e7a, de car\u00e1cter t\u00e9cnico e organizativo, de forma a proteger os dados pessoais que nos s\u00e3o disponibilizados, independentemente do suporte onde se encontrem, contra qualquer forma de tratamento il\u00edcito.<\/p>\n<p>Esta Empresa designou um Respons\u00e1vel pela Protec\u00e7\u00e3o de Dados Pessoais (Data Protection Officer \u2013 DPO), para acompanhar o cumprimento das pol\u00edticas e regras relativas \u00e0 protec\u00e7\u00e3o de dados pessoais. Declara\u00e7\u00e3o e Consentimento Pr\u00e9vios \u00e0 Pol\u00edtica de Privacidade e de Protec\u00e7\u00e3o de Dados.<\/p>\n<p>Ao aceitar a presente Pol\u00edtica de Privacidade e de Protec\u00e7\u00e3o de Dados Pessoais, o utilizador, e titular dos dados, autoriza esta Empresa, a tratar os dados pessoais que forne\u00e7a relativos \u00e0 sua rela\u00e7\u00e3o comercial e contratual, e respectiva gest\u00e3o, nos termos da presente Pol\u00edtica de Privacidade e de Protec\u00e7\u00e3o de Dados.<\/p>\n<p>O utilizador, e titular dos dados, declara ainda que:<\/p>\n<ol>\n<li>Estar consciente e plenamente informado\/a de que o tratamento dos seus dados pessoais inclui todas as opera\u00e7\u00f5es efectuadas sobre os dados por si fornecidos, com as finalidades de:<\/li>\n<\/ol>\n<ul>\n<li>melhorar o funcionamento e funcionalidades do website da sociedade, melhorar e personalizar os servi\u00e7os que lhe s\u00e3o prestados, processar transac\u00e7\u00f5es consigo ou com a sua empresa relacionadas;<\/li>\n<li>contact\u00e1-lo atrav\u00e9s de emails, mensagens escritas ou por telefone para envio de informa\u00e7\u00f5es ou actualiza\u00e7\u00f5es sobre as suas encomendas e pedidos, bem como informa\u00e7\u00f5es sobre novos produtos ou servi\u00e7os relacionados;<\/li>\n<\/ul>\n<ol start=\"2\">\n<li>Aceitar e consentir que os seus dados sejam transmitidos a entidades subcontratantes a quem esta Empresa. possa recorrer, na condi\u00e7\u00e3o de que estas ofere\u00e7am garantias de que est\u00e3o em compliance com o RGPD;<\/li>\n<li>Aceitar e consentir o livre uso e reprodu\u00e7\u00e3o, por esta Empresa de conte\u00fados seus publicamente dispon\u00edveis e\/ou publicados em plataformas social media em que se tenha referido, expl\u00edcita e especificamente, ou aposto \u201ctag\/hashtag\u201d a esta Empresa, aos nossos produtos ou servi\u00e7os;<\/li>\n<li>Tomar conhecimento que, nos termos da legisla\u00e7\u00e3o aplic\u00e1vel, se pode opor, limitar, corrigir ou solicitar o apagamento relativamente ao tratamento dos seus dados quanto a uma ou algumas das finalidades anteriormente descritas, mediante o envio de um pedido ao seguinte correio eletr\u00f3nico: (ver em contactos ) bem como ter o direito a apresentar uma queixa junto das autoridades competentes;<\/li>\n<li>Ter 16 ou mais anos de idade e prestar o presente consentimento de forma livre e volunt\u00e1ria.<\/li>\n<\/ol>\n<p>&nbsp;<\/p>\n<p><strong>Pol\u00edtica de Privacidade e Prote\u00e7\u00e3o de Dados<\/strong><\/p>\n<p>Esta Empresa, consciente da necessidade de proteger a privacidade dos seus parceiros, respeita as melhores pr\u00e1ticas para a prote\u00e7\u00e3o de dados pessoais, acautelando a prote\u00e7\u00e3o dos dados que nos s\u00e3o disponibilizados por todos os intervenientes nos nossos processos. Sempre que \u00e9 estabelecida alguma intera\u00e7\u00e3o com esta Empresa, poder\u00e1 estar a partilhar informa\u00e7\u00e3o pessoal que nos permite a sua identifica\u00e7\u00e3o (ex: nome, e-mail, etc). Esses elementos s\u00e3o \u201cdados pessoais\u201d. Esta Pol\u00edtica de Privacidade e de Prote\u00e7\u00e3o de Dados explica o modo como iremos recolher e divulgar os seus dados pessoais e as medidas necess\u00e1rias para assegurar que as suas informa\u00e7\u00f5es estejam seguras e sejam confidenciais.<\/p>\n<p>&nbsp;<\/p>\n<p><strong>\u00c2mbito e aceita\u00e7\u00e3o desta pol\u00edtica de privacidade<\/strong><\/p>\n<p>Esta Pol\u00edtica de Privacidade e de Prote\u00e7\u00e3o de Dados aplica-se aos dados pessoais que recolhemos para podermos oferecer-lhe os nossos servi\u00e7os e\/ou produtos. Sempre que interage com esta Empresa ou nos cede os seus dados pessoais, est\u00e1 a aceitar as pr\u00e1ticas definidas nesta Pol\u00edtica de Privacidade e de Prote\u00e7\u00e3o de Dados. Caso n\u00e3o aceite esta Pol\u00edtica de Privacidade e de Prote\u00e7\u00e3o de Dados, pedimos que n\u00e3o ceda qualquer dado pessoal. Esta Empresa reserva-se o direito de alterar esta Pol\u00edtica de Privacidade e de Prote\u00e7\u00e3o de Dados sempre que assim o entender e desde que respeite a legisla\u00e7\u00e3o em vigor. Convidamo-lo(a) a consultar regularmente esta Pol\u00edtica de Privacidade e de Prote\u00e7\u00e3o de Dados, mantendo-se assim a par de quaisquer altera\u00e7\u00f5es, bem como do modo como os seus dados pessoais s\u00e3o usados.<\/p>\n<p><strong>Que informa\u00e7\u00e3o\/dados s\u00e3o recolhidos por\u00a0e<\/strong><strong>sta Empresa<\/strong><\/p>\n<p>Por forma a desenvolvermos a nossa atividade comercial e relacionamento com os nossos parceiros, esta Empresa, recolhe, mediante autoriza\u00e7\u00e3o dos respetivos titulares, dados pessoais, prestados voluntariamente por pessoas singulares ou coletivas, designadamente o nome\/firma, endere\u00e7o de e-mail, etc. Note que, ao fornecer-nos dados pessoais, est\u00e1 a dar o seu consentimento expresso para que os mesmos sejam utilizados para as finalidades previstas na presente Pol\u00edtica de Privacidade e de Prote\u00e7\u00e3o de Dados.<\/p>\n<p><strong>Finalidades do tratamento dos seus dados<\/strong><\/p>\n<p>O tratamento dos dados recolhidos tem como finalidade a melhoria cont\u00ednua dos nossos produtos e servi\u00e7os; processar as transa\u00e7\u00f5es relacionadas consigo e\/ou a sua empresa; estabelecer contactos e gerir o processo de presta\u00e7\u00e3o de servi\u00e7os e\/ou fornecimento dos nossos produtos. \u00c9 expressamente proibida a venda, troca, partilha ou transfer\u00eancia dos seus dados pessoais a terceiros, salvo com o seu consentimento expresso ou para cumprimento de alguma obriga\u00e7\u00e3o legal ou judicial. Esta proibi\u00e7\u00e3o n\u00e3o abrange terceiros confi\u00e1veis que nos ajudam a gerir o nosso site, aplica\u00e7\u00f5es para dispositivos m\u00f3veis, conduzindo os nossos neg\u00f3cios ou prestando servi\u00e7os aos nossos clientes, desde que essas partes concordem em manter essas informa\u00e7\u00f5es confidenciais e apresentem garantias que se encontram em compliance com o novo RGPD. Os dados de contacto por si fornecidos podem ser usados para enviar informa\u00e7\u00f5es e atualiza\u00e7\u00f5es relacionadas com os seus pedidos, encomendas, transa\u00e7\u00f5es, receber atualiza\u00e7\u00f5es ocasionais e informa\u00e7\u00f5es sobre produtos ou servi\u00e7os relacionados. Poder\u00e3o tamb\u00e9m ser utilizados para entrar em contacto consigo, por email, carta ou telefone, para solicitar os seus coment\u00e1rios e aferir o seu grau de satisfa\u00e7\u00e3o em rela\u00e7\u00e3o ao nosso atendimento, servi\u00e7os e produtos.<\/p>\n<p>&nbsp;<\/p>\n<p><strong>Confidencialidade, Seguran\u00e7a e Conserva\u00e7\u00e3o dos Dados<\/strong><\/p>\n<p>Esta Empresa est\u00e1 empenhada na prote\u00e7\u00e3o e confidencialidade dos dados pessoais que trata, tomando as medidas t\u00e9cnicas e organizativas necess\u00e1rias ao cumprimento do Regulamento, garantindo que o tratamento de tais dados \u00e9 l\u00edcito, leal, transparente e limitado \u00e0s finalidades autorizadas. Adot\u00e1mos as medidas que consider\u00e1mos adequadas para assegurar a exatid\u00e3o, integridade e confidencialidade dos seus dados pessoais. Os dados pessoais que nos fornece ser\u00e3o conservados enquanto se mantiverem em vigor as rela\u00e7\u00f5es existentes entre esta empresa e os respetivos titulares, ou se mantiverem as finalidades para as quais os mesmos foram recolhidos, sem preju\u00edzo da obriga\u00e7\u00e3o de preservar os dados durante um per\u00edodo superior por imposi\u00e7\u00e3o legal, designadamente para cumprimento de obriga\u00e7\u00f5es fiscais. N\u00e3o obstante, importa ter presente que nenhum m\u00e9todo de transmiss\u00e3o ou armazenamento de dados \u00e9 100% seguro. Por conseguinte, declinamos qualquer responsabilidade por quaisquer danos, de qualquer natureza, diretos ou indiretos, incorridos por si, ou por qualquer utilizador, relacionados com fraude inform\u00e1tica, roubo, furto ou qualquer outra infra\u00e7\u00e3o ou circunst\u00e2ncia em que as suas informa\u00e7\u00f5es e dados s\u00e3o acedidos ou divulgados sem autoriza\u00e7\u00e3o expressa.<\/p>\n<p>&nbsp;<\/p>\n<p><strong>Os Seus Direitos<\/strong><\/p>\n<p>Nos termos da legisla\u00e7\u00e3o aplic\u00e1vel, o titular dos dados pessoais tem o direito de aceder, retificar, limitar, corrigir, solicitar o apagamento ou opor-se ao tratamento dos seus dados por esta empresa, mediante o envio de carta, com aviso de rece\u00e7\u00e3o, dirigida a esta Empresa, ou para o seguinte endere\u00e7o de correio eletr\u00f3nico: (ver em contactos).\u00a0 O titular dos dados tem ainda direito a apresentar uma queixa na Comiss\u00e3o Nacional de Prote\u00e7\u00e3o de Dados (CNPD). Mais informa\u00e7\u00e3o sobre a CNPD poder\u00e1 ser obtida atrav\u00e9s do website www.cnpd.pt.<\/p>\n<p>&nbsp;<\/p>\n<p><strong>Declara\u00e7\u00e3o sobre o conhecimento do uso dos dados sens\u00edveis<\/strong><br \/>\n<strong>e n\u00e3o sens\u00edveis recolhidos e respetivo consentimento<\/strong><\/p>\n<p>O Utilizador, tendo conhecimento que esta Empresa proceder\u00e1 \u00e0 recolha e tratamento de Dados Pessoais (eventualmente sens\u00edveis), reconhece que ao assinalar a check-box \u201cTomei conhecimento e aceito a Pol\u00edtica de Privacidade e de Prote\u00e7\u00e3o de Dados\u201d certifica que a informa\u00e7\u00e3o que fornece \u00e9 correta e verdadeira e que pretende submeter os dados pessoais solicitados, pelo que autoriza expressamente a utiliza\u00e7\u00e3o dos mesmos por esta Empresa, exclusivamente para os fins e prop\u00f3sito do formul\u00e1rio que preencheu, tendo em conta que:<br \/>\n\u2022Os dados ser\u00e3o tratados pelos Colaboradores desta Empresa que desenvolvam qualquer das atividades necess\u00e1rias para a presta\u00e7\u00e3o do servi\u00e7o;<br \/>\n\u2022 A informa\u00e7\u00e3o ser\u00e1 apenas utilizada para avaliar a sua solicita\u00e7\u00e3o e no contexto dos eventuais procedimentos relacionados com o respetivo formul\u00e1rio; e que<br \/>\n\u2022 O software aplicativo da base de dados de informa\u00e7\u00e3o, que armazena os dados que fornece, protege os seus dados pessoais nos termos da legisla\u00e7\u00e3o aplic\u00e1vel.<\/p>\n<p>&nbsp;<\/p>\n<p><strong>Propriedade intelectual e direitos de autor e direitos conexos.<\/strong><\/p>\n<p>Todos os materiais do site, incluindo o design, texto, gr\u00e1ficos, fotografias e conte\u00fado apresentado, constituem propriedade intelectual desta Empresa, sendo igualmente protegidos por direitos de autor. \u00c9 estritamente proibido proceder \u00e0 sua modifica\u00e7\u00e3o, reprodu\u00e7\u00e3o, c\u00f3pia, duplica\u00e7\u00e3o, venda, distribui\u00e7\u00e3o ou quaisquer outras formas de explora\u00e7\u00e3o, visando finalidades comerciais ou n\u00e3o comerciais.<\/p>\n<p>&nbsp;<\/p>\n<p><strong>Subscri\u00e7\u00e3o de Newsletter<\/strong><\/p>\n<p>Caso autorize a subscri\u00e7\u00e3o da Newsletter disponibilizaremos informa\u00e7\u00e3o relativa aos nossos produtos e servi\u00e7os atrav\u00e9s de diferentes meios, como correio eletr\u00f3nico ou outros meios eletr\u00f3nicos equivalentes de comunica\u00e7\u00e3o (como SMS, etc.).A subscri\u00e7\u00e3o da Newsletter pode implicar a utiliza\u00e7\u00e3o de Dados Pessoais de forma a proceder a uma publicita\u00e7\u00e3o personalizada dos nossos produtos e servi\u00e7os dispon\u00edveis ao utilizador atrav\u00e9s de correio eletr\u00f3nico, SMS ou qualquer outro meio eletr\u00f3nico ou de terceiros. Poder\u00e1 cancelar o registo atrav\u00e9s da sec\u00e7\u00e3o de Newsletter da Plataforma em qualquer momento ou seguindo a informa\u00e7\u00e3o que disponibilizamos em cada comunica\u00e7\u00e3o.<\/p>\n<p>&nbsp;<\/p>\n<p><strong>Cookies<\/strong><\/p>\n<p>Utilizamos cookies na nossa Plataforma, que s\u00e3o pequenos ficheiros de texto com informa\u00e7\u00e3o relativa \u00e0 navega\u00e7\u00e3o do utilizador na Plataforma, cujo principal prop\u00f3sito \u00e9 melhorar a experi\u00eancia do utilizador na Plataforma. Ao continuar a navegar as nossas p\u00e1ginas, consideramos que aceita o seu uso. N\u00e3o armazenamos informa\u00e7\u00e3o pessoal sens\u00edvel, como a sua morada, senha, dados relativos a cart\u00e3o de cr\u00e9dito ou d\u00e9bito, etc., nos cookies que usamos. Um cookie, por si s\u00f3, n\u00e3o identifica pessoalmente nenhum utilizador\/visitante.<\/p>\n<p>&nbsp;<\/p>\n<p><strong>O Seu Consentimento<\/strong><\/p>\n<p>Ao utilizar o nosso website e as nossas plataformas, concorda com a nossa Pol\u00edtica de Privacidade e de Prote\u00e7\u00e3o de Dados<\/p>\n<p>A Ger\u00eancia<\/p>\n","protected":false},"excerpt":{"rendered":"<p>Esta Empresa, assume o compromisso de garantir a protec\u00e7\u00e3o de todos os dados pessoais que lhe sejam disponibilizados. Neste sentido foram adoptadas diversas medidas de seguran\u00e7a, de car\u00e1cter t\u00e9cnico e organizativo, de forma a proteger os dados pessoais que nos s\u00e3o disponibilizados, independentemente do suporte onde se encontrem, contra qualquer forma de tratamento il\u00edcito. Esta [&hellip;]<\/p>\n","protected":false},"author":1,"featured_media":0,"parent":0,"menu_order":0,"comment_status":"closed","ping_status":"closed","template":"","meta":[],"_links":{"self":[{"href":"https:\/\/www.infornos.pt\/infornos\/wp-json\/wp\/v2\/pages\/1472"}],"collection":[{"href":"https:\/\/www.infornos.pt\/infornos\/wp-json\/wp\/v2\/pages"}],"about":[{"href":"https:\/\/www.infornos.pt\/infornos\/wp-json\/wp\/v2\/types\/page"}],"author":[{"embeddable":true,"href":"https:\/\/www.infornos.pt\/infornos\/wp-json\/wp\/v2\/users\/1"}],"replies":[{"embeddable":true,"href":"https:\/\/www.infornos.pt\/infornos\/wp-json\/wp\/v2\/comments?post=1472"}],"version-history":[{"count":2,"href":"https:\/\/www.infornos.pt\/infornos\/wp-json\/wp\/v2\/pages\/1472\/revisions"}],"predecessor-version":[{"id":1480,"href":"https:\/\/www.infornos.pt\/infornos\/wp-json\/wp\/v2\/pages\/1472\/revisions\/1480"}],"wp:attachment":[{"href":"https:\/\/www.infornos.pt\/infornos\/wp-json\/wp\/v2\/media?parent=1472"}],"curies":[{"name":"wp","href":"https:\/\/api.w.org\/{rel}","templated":true}]}}