{"id":1396,"date":"2020-11-21T21:26:44","date_gmt":"2020-11-21T21:26:44","guid":{"rendered":"http:\/\/www.infornos.pt\/infornos\/?page_id=1396"},"modified":"2020-11-21T21:26:44","modified_gmt":"2020-11-21T21:26:44","slug":"contabilidade","status":"publish","type":"page","link":"https:\/\/www.infornos.pt\/infornos\/contabilidade\/","title":{"rendered":"Contabilidade"},"content":{"rendered":"<p>Contabilidade:<\/p>\n<p>Antigamente, a classifica\u00e7\u00e3o era efectuada no pr\u00f3prio documento antes de registar no sistema. A numera\u00e7\u00e3o interna dos documentos era efectuada atrav\u00e9s de um carimbo, que consistia no n\u00famero de di\u00e1rio, no m\u00eas e no n\u00famero de registo na contabilidade. Actualmente, perde-se menos tempo a lan\u00e7ar documentos na contabilidade, visto n\u00e3o ser necess\u00e1rio a classifica\u00e7\u00e3o no pr\u00f3prio documento, sendo esta feita directamente no sistema. ..assim com o dom\u00ednio da inform\u00e1tica,\u00a0 ganha-se mais tempo para uma analise financeira melhor, mais r\u00e1pida, e por vezes a pre\u00e7os mais acess\u00edveis &#8230;<\/p>\n<p>Disponibilizamos, aos nossos Clientes, gratuitamente, um software de gest\u00e3o comercial &#8220;GEST\u00c3O XXI&#8221;, o que se torna uma mais valia para n\u00f3s, no tratamento dos documentos contabil\u00edsticos, como para o Cliente, tendo assim sempre um t\u00e9cnico de assist\u00eancia fiscal e inform\u00e1tica.<\/p>\n<p>&nbsp;<\/p>\n<p>&nbsp;<\/p>\n","protected":false},"excerpt":{"rendered":"<p>Contabilidade: Antigamente, a classifica\u00e7\u00e3o era efectuada no pr\u00f3prio documento antes de registar no sistema. A numera\u00e7\u00e3o interna dos documentos era efectuada atrav\u00e9s de um carimbo, que consistia no n\u00famero de di\u00e1rio, no m\u00eas e no n\u00famero de registo na contabilidade. Actualmente, perde-se menos tempo a lan\u00e7ar documentos na contabilidade, visto n\u00e3o ser necess\u00e1rio a classifica\u00e7\u00e3o [&hellip;]<\/p>\n","protected":false},"author":1,"featured_media":0,"parent":0,"menu_order":0,"comment_status":"closed","ping_status":"closed","template":"","meta":[],"_links":{"self":[{"href":"https:\/\/www.infornos.pt\/infornos\/wp-json\/wp\/v2\/pages\/1396"}],"collection":[{"href":"https:\/\/www.infornos.pt\/infornos\/wp-json\/wp\/v2\/pages"}],"about":[{"href":"https:\/\/www.infornos.pt\/infornos\/wp-json\/wp\/v2\/types\/page"}],"author":[{"embeddable":true,"href":"https:\/\/www.infornos.pt\/infornos\/wp-json\/wp\/v2\/users\/1"}],"replies":[{"embeddable":true,"href":"https:\/\/www.infornos.pt\/infornos\/wp-json\/wp\/v2\/comments?post=1396"}],"version-history":[{"count":1,"href":"https:\/\/www.infornos.pt\/infornos\/wp-json\/wp\/v2\/pages\/1396\/revisions"}],"predecessor-version":[{"id":1397,"href":"https:\/\/www.infornos.pt\/infornos\/wp-json\/wp\/v2\/pages\/1396\/revisions\/1397"}],"wp:attachment":[{"href":"https:\/\/www.infornos.pt\/infornos\/wp-json\/wp\/v2\/media?parent=1396"}],"curies":[{"name":"wp","href":"https:\/\/api.w.org\/{rel}","templated":true}]}}