{"id":1387,"date":"2020-11-21T20:57:27","date_gmt":"2020-11-21T20:57:27","guid":{"rendered":"http:\/\/www.infornos.pt\/infornos\/?page_id=1387"},"modified":"2020-11-23T13:47:11","modified_gmt":"2020-11-23T13:47:11","slug":"apresentacao","status":"publish","type":"page","link":"https:\/\/www.infornos.pt\/infornos\/","title":{"rendered":"Apresenta\u00e7\u00e3o"},"content":{"rendered":"<p><span style=\"color: #e35252;\"><em><strong>Se \u00e9 bom e r\u00e1pido, n\u00e3o pode ser barato.<\/strong><\/em><\/span><br \/>\n<span style=\"color: #e35252;\"><em><strong>Se \u00e9 r\u00e1pido e barato, n\u00e3o pode ser bom.<\/strong><\/em><\/span><br \/>\n<span style=\"color: #e35252;\"><em><strong>Se \u00e9 bom e barato, n\u00e3o pode ser r\u00e1pido.<\/strong><\/em><\/span><\/p>\n<p><em>\u00c9 engra\u00e7ado, mas \u00e9 real&#8230;<\/em><\/p>\n<p><em>\u00c9 dif\u00edcil conseguir produzir r\u00e1pido, com qualidade e com pre\u00e7o acess\u00edvel. Ou ser\u00e1 que \u00e9 poss\u00edvel?\u00a0 Ser\u00e1 que os m\u00e9todos de produ\u00e7\u00e3o evolu\u00edram a tal ponto de garantir alta produtividade com baixo pre\u00e7o e qualidade acima da m\u00e9dia ?<\/em><\/p>\n<p><em>Aqui o tipo de produto ou servi\u00e7o depende da vis\u00e3o do cliente ?\u00a0 Se deseja um servi\u00e7o r\u00e1pido,\u00a0 um servi\u00e7o bom ou um servi\u00e7o barato &#8230;.\u00a0 O r\u00e1pido, bom e barato, \u00e9 dif\u00edcil&#8230;. mas n\u00e3o \u00e9 imposs\u00edvel ?<\/em><\/p>\n<p style=\"text-align: right;\"><em>Carlos Pais<\/em><\/p>\n","protected":false},"excerpt":{"rendered":"<p>Se \u00e9 bom e r\u00e1pido, n\u00e3o pode ser barato. Se \u00e9 r\u00e1pido e barato, n\u00e3o pode ser bom. Se \u00e9 bom e barato, n\u00e3o pode ser r\u00e1pido. \u00c9 engra\u00e7ado, mas \u00e9 real&#8230; \u00c9 dif\u00edcil conseguir produzir r\u00e1pido, com qualidade e com pre\u00e7o acess\u00edvel. Ou ser\u00e1 que \u00e9 poss\u00edvel?\u00a0 Ser\u00e1 que os m\u00e9todos de produ\u00e7\u00e3o evolu\u00edram [&hellip;]<\/p>\n","protected":false},"author":1,"featured_media":0,"parent":0,"menu_order":0,"comment_status":"closed","ping_status":"closed","template":"","meta":[],"_links":{"self":[{"href":"https:\/\/www.infornos.pt\/infornos\/wp-json\/wp\/v2\/pages\/1387"}],"collection":[{"href":"https:\/\/www.infornos.pt\/infornos\/wp-json\/wp\/v2\/pages"}],"about":[{"href":"https:\/\/www.infornos.pt\/infornos\/wp-json\/wp\/v2\/types\/page"}],"author":[{"embeddable":true,"href":"https:\/\/www.infornos.pt\/infornos\/wp-json\/wp\/v2\/users\/1"}],"replies":[{"embeddable":true,"href":"https:\/\/www.infornos.pt\/infornos\/wp-json\/wp\/v2\/comments?post=1387"}],"version-history":[{"count":4,"href":"https:\/\/www.infornos.pt\/infornos\/wp-json\/wp\/v2\/pages\/1387\/revisions"}],"predecessor-version":[{"id":1441,"href":"https:\/\/www.infornos.pt\/infornos\/wp-json\/wp\/v2\/pages\/1387\/revisions\/1441"}],"wp:attachment":[{"href":"https:\/\/www.infornos.pt\/infornos\/wp-json\/wp\/v2\/media?parent=1387"}],"curies":[{"name":"wp","href":"https:\/\/api.w.org\/{rel}","templated":true}]}}