{"id":1205,"date":"2020-02-29T12:29:50","date_gmt":"2020-02-29T12:29:50","guid":{"rendered":"http:\/\/www.infornos.pt\/infornos\/?page_id=1205"},"modified":"2020-09-19T17:18:32","modified_gmt":"2020-09-19T17:18:32","slug":"funerarias-xxi","status":"publish","type":"page","link":"https:\/\/www.infornos.pt\/infornos\/softwares\/funerarias-xxi\/","title":{"rendered":"Funer\u00e1rias XXI"},"content":{"rendered":"<p><span class=\"oi732d6d ik7dh3pa d2edcug0 hpfvmrgz qv66sw1b c1et5uql a8c37x1j muag1w35 ew0dbk1b jq4qci2q a3bd9o3v knj5qynh oo9gr5id hzawbc8m\" dir=\"auto\">\u00a0\u00a0\u00a0\u00a0\u00a0\u00a0\u00a0\u00a0\u00a0\u00a0\u00a0\u00a0\u00a0\u00a0\u00a0 Funer\u00e1riaXXI &#8211; Software de Design , para a cria\u00e7\u00e3o de Avisos, e Pagelas, de uma forma autom\u00e1tica, podendo ser os dados carregados de diversas formas, por scanner ou pela leitura directa do cart\u00e3o de cidad\u00e3o, importando todos os dados, inclusive a fotografia &#8230; Todos os Modelos e textos podem ser configurados pelo utilizador &#8230;.<\/span><\/p>\n<p><span style=\"color: #ff0000;\"><strong>Vers\u00e3o Demonstrativa &#8211; Qualquer duvida, n\u00e3o deixe de nos contactar &#8230;<\/strong> <\/span><\/p>\n<div class='w3eden'><!-- WPDM Link Template: Default Template -->\n\n\n<div class=\"link-template-default card mb-2\">\n    <div class=\"card-body\">\n        <div class=\"media stack-xs\">\n            <div class=\"media-body\">\n                <div class=\"media\">\n                    <div class=\"mr-3 img-48\"><img class=\"wpdm_icon\" alt=\"Icon\"   src=\"http:\/\/www.infornos.pt\/infornos\/wp-content\/plugins\/download-manager\/assets\/file-type-icons\/folder_download.png\" \/><\/div>\n                    <div class=\"media-body\">\n                        <h3 class=\"package-title\"><a href='https:\/\/www.infornos.pt\/infornos\/download\/funerariaxxi-setup-v-1-20\/'>Funer\u00e1riaXXI Setup v.1.20<\/a><\/h3>\n                        <div class=\"text-muted text-small\"><i class=\"fas fa-copy\"><\/i> 1 file(s) <i class=\"fas fa-hdd ml-3\"><\/i> 0.00 KB<\/div>\n                    <\/div>\n                <\/div>\n            <\/div>\n            <div class=\"ml-3 wpdmdl-btn\">\n                <a class='wpdm-download-link btn btn-primary btn-xs' rel='nofollow' href='#' onclick=\"location.href='https:\/\/www.infornos.pt\/infornos\/download\/funerariaxxi-setup-v-1-20\/?wpdmdl=1328&refresh=69e3a6bbb540c1776527035';return false;\">Download<\/a>\n            <\/div>\n        <\/div>\n    <\/div>\n<\/div>\n\n\n<\/div>\n<address>Caso as Impress\u00f5es estejam a dar erro, \u00e9 necess\u00e1rio <strong><em>Actualizar o sistema de impress\u00e3o &#8230;<br \/>\n<\/em><\/strong><\/address>\n<address>\n<blockquote>\n<address><em>\u00a0\u00a0 &#8211; 1\u00ba x86 &#8211; <a href=\"http:\/\/go.microsoft.com\/fwlink\/?LinkID=239643&amp;clcid=0x409\">http:\/\/go.microsoft.com\/fwlink\/?LinkID=239643&amp;clcid=0x409<\/a><\/em><\/address>\n<address><em>\u00a0\u00a0 &#8211; 1\u00ba x64 &#8211; <a href=\"http:\/\/go.microsoft.com\/fwlink\/?LinkID=239644&amp;clcid=0x409\">http:\/\/go.microsoft.com\/fwlink\/?LinkID=239644&amp;clcid=0x409<\/a><\/em><\/address>\n<address><em>\u00a0\u00a0 &#8211; 2\u00ba <a href=\"http:\/\/download.microsoft.com\/download\/D\/E\/E\/DEEE77C4-33DC-4B50-ABED-2226E3BF0A30\/ReportViewer.msi\">http:\/\/download.microsoft.com\/&#8230;\/ReportViewer.msi<\/a><\/em><\/address>\n<\/blockquote>\n<\/address>\n<p>&nbsp;<\/p>\n<p><a href=\"http:\/\/www.infornos.pt\/infornos\/wp-content\/uploads\/2020\/09\/735569792184_n.png\"><img loading=\"lazy\" class=\"alignnone size-full wp-image-1324\" src=\"http:\/\/www.infornos.pt\/infornos\/wp-content\/uploads\/2020\/09\/735569792184_n.png\" alt=\"\" width=\"374\" height=\"231\" srcset=\"https:\/\/www.infornos.pt\/infornos\/wp-content\/uploads\/2020\/09\/735569792184_n.png 374w, https:\/\/www.infornos.pt\/infornos\/wp-content\/uploads\/2020\/09\/735569792184_n-300x185.png 300w\" sizes=\"(max-width: 374px) 100vw, 374px\" \/><\/a><\/p>\n<p><a href=\"http:\/\/www.infornos.pt\/infornos\/wp-content\/uploads\/2020\/09\/769355679_o.png\"><img loading=\"lazy\" class=\"alignnone wp-image-1317\" src=\"http:\/\/www.infornos.pt\/infornos\/wp-content\/uploads\/2020\/09\/769355679_o.png\" alt=\"\" width=\"824\" height=\"661\" srcset=\"https:\/\/www.infornos.pt\/infornos\/wp-content\/uploads\/2020\/09\/769355679_o.png 1257w, https:\/\/www.infornos.pt\/infornos\/wp-content\/uploads\/2020\/09\/769355679_o-300x241.png 300w, https:\/\/www.infornos.pt\/infornos\/wp-content\/uploads\/2020\/09\/769355679_o-1024x821.png 1024w, https:\/\/www.infornos.pt\/infornos\/wp-content\/uploads\/2020\/09\/769355679_o-768x616.png 768w\" sizes=\"(max-width: 824px) 100vw, 824px\" \/><\/a> <a href=\"http:\/\/www.infornos.pt\/infornos\/wp-content\/uploads\/2020\/09\/923265487_o.png\"><img loading=\"lazy\" class=\"alignnone wp-image-1318\" src=\"http:\/\/www.infornos.pt\/infornos\/wp-content\/uploads\/2020\/09\/923265487_o.png\" alt=\"\" width=\"821\" height=\"532\" srcset=\"https:\/\/www.infornos.pt\/infornos\/wp-content\/uploads\/2020\/09\/923265487_o.png 1380w, https:\/\/www.infornos.pt\/infornos\/wp-content\/uploads\/2020\/09\/923265487_o-300x194.png 300w, https:\/\/www.infornos.pt\/infornos\/wp-content\/uploads\/2020\/09\/923265487_o-1024x663.png 1024w, https:\/\/www.infornos.pt\/infornos\/wp-content\/uploads\/2020\/09\/923265487_o-768x498.png 768w\" sizes=\"(max-width: 821px) 100vw, 821px\" \/><\/a> <a href=\"http:\/\/www.infornos.pt\/infornos\/wp-content\/uploads\/2020\/09\/6801856759_o.png\"><img loading=\"lazy\" class=\"alignnone wp-image-1319\" src=\"http:\/\/www.infornos.pt\/infornos\/wp-content\/uploads\/2020\/09\/6801856759_o.png\" alt=\"\" width=\"840\" height=\"590\" srcset=\"https:\/\/www.infornos.pt\/infornos\/wp-content\/uploads\/2020\/09\/6801856759_o.png 1252w, https:\/\/www.infornos.pt\/infornos\/wp-content\/uploads\/2020\/09\/6801856759_o-300x211.png 300w, https:\/\/www.infornos.pt\/infornos\/wp-content\/uploads\/2020\/09\/6801856759_o-1024x719.png 1024w, https:\/\/www.infornos.pt\/infornos\/wp-content\/uploads\/2020\/09\/6801856759_o-768x539.png 768w\" sizes=\"(max-width: 840px) 100vw, 840px\" \/><\/a> <a href=\"http:\/\/www.infornos.pt\/infornos\/wp-content\/uploads\/2020\/09\/07996580095_o.png\"><img loading=\"lazy\" class=\"alignnone wp-image-1320\" src=\"http:\/\/www.infornos.pt\/infornos\/wp-content\/uploads\/2020\/09\/07996580095_o.png\" alt=\"\" width=\"810\" height=\"526\" srcset=\"https:\/\/www.infornos.pt\/infornos\/wp-content\/uploads\/2020\/09\/07996580095_o.png 1377w, https:\/\/www.infornos.pt\/infornos\/wp-content\/uploads\/2020\/09\/07996580095_o-300x195.png 300w, https:\/\/www.infornos.pt\/infornos\/wp-content\/uploads\/2020\/09\/07996580095_o-1024x665.png 1024w, https:\/\/www.infornos.pt\/infornos\/wp-content\/uploads\/2020\/09\/07996580095_o-768x499.png 768w\" sizes=\"(max-width: 810px) 100vw, 810px\" \/><\/a> <a href=\"http:\/\/www.infornos.pt\/infornos\/wp-content\/uploads\/2020\/09\/8535373963_o.png\"><img loading=\"lazy\" class=\"alignnone wp-image-1321\" src=\"http:\/\/www.infornos.pt\/infornos\/wp-content\/uploads\/2020\/09\/8535373963_o.png\" alt=\"\" width=\"822\" height=\"580\" srcset=\"https:\/\/www.infornos.pt\/infornos\/wp-content\/uploads\/2020\/09\/8535373963_o.png 1259w, https:\/\/www.infornos.pt\/infornos\/wp-content\/uploads\/2020\/09\/8535373963_o-300x212.png 300w, https:\/\/www.infornos.pt\/infornos\/wp-content\/uploads\/2020\/09\/8535373963_o-1024x722.png 1024w, https:\/\/www.infornos.pt\/infornos\/wp-content\/uploads\/2020\/09\/8535373963_o-768x542.png 768w\" sizes=\"(max-width: 822px) 100vw, 822px\" \/><\/a> <a href=\"http:\/\/www.infornos.pt\/infornos\/wp-content\/uploads\/2020\/09\/59838765213_o.png\"><img loading=\"lazy\" class=\"alignnone wp-image-1322\" src=\"http:\/\/www.infornos.pt\/infornos\/wp-content\/uploads\/2020\/09\/59838765213_o.png\" alt=\"\" width=\"816\" height=\"570\" srcset=\"https:\/\/www.infornos.pt\/infornos\/wp-content\/uploads\/2020\/09\/59838765213_o.png 1362w, https:\/\/www.infornos.pt\/infornos\/wp-content\/uploads\/2020\/09\/59838765213_o-300x209.png 300w, https:\/\/www.infornos.pt\/infornos\/wp-content\/uploads\/2020\/09\/59838765213_o-1024x715.png 1024w, https:\/\/www.infornos.pt\/infornos\/wp-content\/uploads\/2020\/09\/59838765213_o-768x536.png 768w\" sizes=\"(max-width: 816px) 100vw, 816px\" \/><\/a> <a href=\"http:\/\/www.infornos.pt\/infornos\/wp-content\/uploads\/2020\/09\/590548223084_o.png\"><img loading=\"lazy\" class=\"alignnone wp-image-1323\" src=\"http:\/\/www.infornos.pt\/infornos\/wp-content\/uploads\/2020\/09\/590548223084_o.png\" alt=\"\" width=\"829\" height=\"538\" srcset=\"https:\/\/www.infornos.pt\/infornos\/wp-content\/uploads\/2020\/09\/590548223084_o.png 1364w, https:\/\/www.infornos.pt\/infornos\/wp-content\/uploads\/2020\/09\/590548223084_o-300x195.png 300w, https:\/\/www.infornos.pt\/infornos\/wp-content\/uploads\/2020\/09\/590548223084_o-1024x665.png 1024w, https:\/\/www.infornos.pt\/infornos\/wp-content\/uploads\/2020\/09\/590548223084_o-768x499.png 768w\" sizes=\"(max-width: 829px) 100vw, 829px\" \/><\/a>\u00a0 <a href=\"http:\/\/www.infornos.pt\/infornos\/wp-content\/uploads\/2020\/09\/537811130431723806_o.png\"><img loading=\"lazy\" class=\"alignnone wp-image-1325\" src=\"http:\/\/www.infornos.pt\/infornos\/wp-content\/uploads\/2020\/09\/537811130431723806_o.png\" alt=\"\" width=\"828\" height=\"528\" srcset=\"https:\/\/www.infornos.pt\/infornos\/wp-content\/uploads\/2020\/09\/537811130431723806_o.png 1377w, https:\/\/www.infornos.pt\/infornos\/wp-content\/uploads\/2020\/09\/537811130431723806_o-300x192.png 300w, https:\/\/www.infornos.pt\/infornos\/wp-content\/uploads\/2020\/09\/537811130431723806_o-1024x654.png 1024w, https:\/\/www.infornos.pt\/infornos\/wp-content\/uploads\/2020\/09\/537811130431723806_o-768x490.png 768w\" sizes=\"(max-width: 828px) 100vw, 828px\" \/><\/a><\/p>\n<p>&nbsp;<\/p>\n<p>Tabela de Pre\u00e7os<\/p>\n<ul>\n<li>Licen\u00e7a Software Funer\u00e1ria XXI &#8230;&#8230;&#8230;&#8230;&#8230;&#8230;&#8230;&#8230;&#8230;&#8230;&#8230;&#8230;&#8230;&#8230;&#8230;&#8230;&#8230;&#8230;&#8230;&#8230;&#8230;&#8230;&#8230;&#8230;&#8230;&#8230;&#8230;&#8230;&#8230;&#8230;&#8230;&#8230;&#8230;&#8230;&#8230;&#8230;&#8230;&#8230;&#8230;&#8230;&#8230;&#8230;&#8230;&#8230;. 500,00\u20ac \/ Licen\u00e7a<\/li>\n<li><span class=\"fontstyle0\">Instala\u00e7\u00e3o \/ Actualiza\u00e7\u00e3o de Software e Personaliza\u00e7\u00e3o ( Nossas Instala\u00e7\u00f5es \/ Assist\u00eancia Remota )\u00a0 &#8230;&#8230;&#8230;&#8230;&#8230;\u00a0 30,00\u20ac \/ 1\u00ba hora<br \/>\n<\/span><\/li>\n<li><span class=\"fontstyle0\">Instala\u00e7\u00e3o \/ Actualiza\u00e7\u00e3o de Software e Personaliza\u00e7\u00e3o ( Nossas Instala\u00e7\u00f5es \/ Assist\u00eancia Remota )\u00a0 &#8230;&#8230;&#8230;&#8230;&#8230;\u00a0 20,00\u20ac \/ 2\u00ba hora e Seguinte<br \/>\n<\/span><\/li>\n<li><span class=\"fontstyle0\">Instala\u00e7\u00e3o \/ Actualiza\u00e7\u00e3o de Software e Personaliza\u00e7\u00e3o ( Desloca\u00e7\u00f5es-acima de 10Km )\u00a0 &#8230;&#8230;&#8230;&#8230;&#8230;&#8230;&#8230;&#8230;&#8230;&#8230;&#8230;&#8230;\u00a0 35,00\u20ac \/ 1\u00ba hora + 0,45\u20ac x 2 \/ Km <\/span><\/li>\n<li><span class=\"fontstyle0\">Instala\u00e7\u00e3o \/ Actualiza\u00e7\u00e3o de Software e Personaliza\u00e7\u00e3o ( Desloca\u00e7\u00f5es-acima de 10Km )\u00a0 &#8230;&#8230;&#8230;&#8230;&#8230;&#8230;&#8230;&#8230;&#8230;&#8230;&#8230;&#8230;\u00a0 25,00\u20ac \/ 2\u00ba hora + 0,45\u20ac x 2 \/ Km <\/span><\/li>\n<li><span class=\"fontstyle0\">Instala\u00e7\u00e3o\/Configura\u00e7\u00e3o de Impressoras \/ Scan\u2019s \/ Multifun\u00e7\u00f5es\u00a0 \/ Leitor de Cart\u00e3o de Cidad\u00e3o &#8230;&#8230;&#8230;&#8230;&#8230;&#8230;&#8230;..\u00a0 + 20,00\u20ac<br \/>\n<\/span><\/li>\n<li>Leitor de Car\u00e3o de Cidad\u00e3o &#8230;.( Varios Modelos ) &#8230;&#8230;&#8230;&#8230;&#8230;&#8230;&#8230;&#8230;&#8230;&#8230;&#8230;&#8230;&#8230;&#8230;&#8230;&#8230;&#8230;&#8230;&#8230;&#8230;&#8230;&#8230;&#8230;&#8230;&#8230;&#8230;&#8230;&#8230; entre os &#8230;\u00a0 30,00\u20ac e 60,00\u20ac<\/li>\n<\/ul>\n<p>( Estes Valores acrescem IVA \u00e0 taxa normal em vigor )<\/p>\n<p>&nbsp;<\/p>\n","protected":false},"excerpt":{"rendered":"<p>\u00a0\u00a0\u00a0\u00a0\u00a0\u00a0\u00a0\u00a0\u00a0\u00a0\u00a0\u00a0\u00a0\u00a0\u00a0 Funer\u00e1riaXXI &#8211; Software de Design , para a cria\u00e7\u00e3o de Avisos, e Pagelas, de uma forma autom\u00e1tica, podendo ser os dados carregados de diversas formas, por scanner ou pela leitura directa do cart\u00e3o de cidad\u00e3o, importando todos os dados, inclusive a fotografia &#8230; Todos os Modelos e textos podem ser configurados pelo utilizador &#8230;. [&hellip;]<\/p>\n","protected":false},"author":1,"featured_media":0,"parent":1091,"menu_order":0,"comment_status":"open","ping_status":"closed","template":"","meta":[],"_links":{"self":[{"href":"https:\/\/www.infornos.pt\/infornos\/wp-json\/wp\/v2\/pages\/1205"}],"collection":[{"href":"https:\/\/www.infornos.pt\/infornos\/wp-json\/wp\/v2\/pages"}],"about":[{"href":"https:\/\/www.infornos.pt\/infornos\/wp-json\/wp\/v2\/types\/page"}],"author":[{"embeddable":true,"href":"https:\/\/www.infornos.pt\/infornos\/wp-json\/wp\/v2\/users\/1"}],"replies":[{"embeddable":true,"href":"https:\/\/www.infornos.pt\/infornos\/wp-json\/wp\/v2\/comments?post=1205"}],"version-history":[{"count":8,"href":"https:\/\/www.infornos.pt\/infornos\/wp-json\/wp\/v2\/pages\/1205\/revisions"}],"predecessor-version":[{"id":1357,"href":"https:\/\/www.infornos.pt\/infornos\/wp-json\/wp\/v2\/pages\/1205\/revisions\/1357"}],"up":[{"embeddable":true,"href":"https:\/\/www.infornos.pt\/infornos\/wp-json\/wp\/v2\/pages\/1091"}],"wp:attachment":[{"href":"https:\/\/www.infornos.pt\/infornos\/wp-json\/wp\/v2\/media?parent=1205"}],"curies":[{"name":"wp","href":"https:\/\/api.w.org\/{rel}","templated":true}]}}