{"id":1166,"date":"2020-02-11T22:48:18","date_gmt":"2020-02-11T22:48:18","guid":{"rendered":"http:\/\/www.infornos.pt\/infornos\/?page_id=1166"},"modified":"2020-11-21T21:10:17","modified_gmt":"2020-11-21T21:10:17","slug":"configuracao-email","status":"publish","type":"page","link":"https:\/\/www.infornos.pt\/infornos\/webdesig-servidor\/configuracao-email\/","title":{"rendered":"Configura\u00e7\u00e3o Email"},"content":{"rendered":"\r\n<h2 id=\"hdrManualSettings\">Mail Client Manual Settings<\/h2>\r\n\r\n\r\n\r\n<div class=\"col-md-6\">\r\n<div id=\"ssl_settings_area\" class=\"preferred-selection panel panel-primary\">\r\n<div class=\"panel-heading\">Secure <abbr title=\"Secure Sockets Layer\">SSL<\/abbr>\/<abbr title=\"Transport Layer Security\">TLS<\/abbr> Settings (Recomendado)<\/div>\r\n<table class=\"table manual_settings_table\" style=\"height: 288px;\" width=\"638\">\r\n<tbody>\r\n<tr>\r\n<td id=\"lblSSLSettingsAreaUsername\">Nome de usu\u00e1rio:<\/td>\r\n<td id=\"valSSLSettingsAreaUsername\" class=\"data wrap-text\">Utilize o Email completo .<\/td>\r\n<\/tr>\r\n<tr>\r\n<td id=\"lblSettingsAreaPassword\">Senha:<\/td>\r\n<td id=\"valSettingsAreaPassword\" class=\"escape-note\">Use a senha da conta de email.<\/td>\r\n<\/tr>\r\n<tr>\r\n<td id=\"lblSettingsAreaIncomingServer\">Servidor de entrada:<\/td>\r\n<td id=\"valSettingsAreaIncomingServer\" class=\"data\">n3plvcpnl381952.prod.ams3.secureserver.net\r\n<ul class=\"port_list list-inline\">\r\n<li><abbr class=\"initialism\" title=\"Internet Message Access Protocol\">IMAP<\/abbr> Port: 993<\/li>\r\n<li><abbr class=\"initialism\" title=\"Post Office Protocol 3\">POP3<\/abbr> Port: 995<\/li>\r\n<\/ul>\r\n<\/td>\r\n<\/tr>\r\n<tr>\r\n<td id=\"lblSettingsAreaOutgoingServer\">Servidor de sa\u00edda:<\/td>\r\n<td id=\"valSettingsAreaOutGoingServer\" class=\"data\">n3plvcpnl381952.prod.ams3.secureserver.net\r\n<ul class=\"port_list list-inline\">\r\n<li><abbr title=\"Simple Mail Transfer Protocol\">SMTP<\/abbr> Port: 465<\/li>\r\n<\/ul>\r\n<\/td>\r\n<\/tr>\r\n<tr>\r\n<td class=\"notes\" colspan=\"2\">\r\n<div id=\"lblSettingsAreaSmallNote1\" class=\"small_note\">IMAP, POP3 e SMTP require authentication.<\/div>\r\n<\/td>\r\n<\/tr>\r\n<\/tbody>\r\n<\/table>\r\n<\/div>\r\n<\/div>\r\n<div class=\"col-md-6\">\r\n<div id=\"non_ssl_settings_area\" class=\"panel panel-default panel-warning\">\r\n<div>\u00a0<\/div>\r\n<div class=\"panel-heading\"><span id=\"descNonSSLSettings\">Configura\u00e7\u00f5es n\u00e3o SSL<\/span> <span id=\"descNotRecommended\" class=\"caption not-recommended\">(N\u00c3O recomendado) <\/span><\/div>\r\n<table id=\"tblManualSettingsTable\" class=\"table manual_settings_table\" style=\"height: 280px;\" width=\"642\">\r\n<tbody>\r\n<tr>\r\n<td id=\"lblNonSSLSettingsUsername\">Nome de usu\u00e1rio:<\/td>\r\n<td id=\"valNonSSLSettingsUsername\" class=\"data wrap-text\">Utilize o Email completo .<\/td>\r\n<\/tr>\r\n<tr>\r\n<td id=\"lblNonSSLSettingsPassword\">Senha:<\/td>\r\n<td id=\"valNonSSLSettingsPassword\" class=\"escape-note\">Use a senha da conta de email.<\/td>\r\n<\/tr>\r\n<tr>\r\n<td id=\"lblNonSSLSettingsIncomingServer\">Servidor de entrada:<\/td>\r\n<td id=\"valNonSSLSettingsIncomingServer\" class=\"data\">mail.( dominio )\r\n<ul class=\"port_list list-inline\">\r\n<li><abbr class=\"initialism\" title=\"Internet Message Access Protocol\">IMAP<\/abbr> Port: 143<\/li>\r\n<li><abbr class=\"initialism\" title=\"Post Office Protocol 3\">POP3<\/abbr> Port: 110<\/li>\r\n<\/ul>\r\n<\/td>\r\n<\/tr>\r\n<tr>\r\n<td id=\"NonSSLSettingsOutgoingServer\">Servidor de sa\u00edda:<\/td>\r\n<td id=\"NonSSLSettingsOutgoingServerData\" class=\"data\">mail.( dominio )\r\n<ul class=\"port_list list-inline\">\r\n<li><abbr title=\"Simple Mail Transfer Protocol\">SMTP<\/abbr> Port: 587<\/li>\r\n<\/ul>\r\n<\/td>\r\n<\/tr>\r\n<tr>\r\n<td class=\"notes\" colspan=\"2\">\r\n<div id=\"descNonSSLSettingsAuthenticationIsRequiredForIMAPPOP3SMTP1\" class=\"small_note\">IMAP, POP3 e SMTP require authentication.<\/div>\r\n<\/td>\r\n<\/tr>\r\n<\/tbody>\r\n<\/table>\r\n<\/div>\r\n<\/div>\r\n\r\n\r\n\r\n<p>&nbsp;<\/p>\r\n<p><span style=\"color: #999999;\">Configura\u00e7\u00e3o Velha &#8230; <\/span><\/p>\r\n<figure class=\"wp-block-table\">\r\n<table>\r\n<tbody>\r\n<tr>\r\n<td><span style=\"color: #999999;\">Nome de utilizador:<\/span><\/td>\r\n<td><span style=\"color: #999999;\">Utilize o Email completo .<\/span><\/td>\r\n<\/tr>\r\n<tr>\r\n<td><span style=\"color: #999999;\">Palavra-passe:<\/span><\/td>\r\n<td><span style=\"color: #999999;\">Utilize a palavra-passe da conta de correio eletr\u00f3nico.<\/span><\/td>\r\n<\/tr>\r\n<tr>\r\n<td><span style=\"color: #999999;\">Servidor de rece\u00e7\u00e3o:<\/span><\/td>\r\n<td><span style=\"color: #999999;\">n3plcpnl0042.prod.ams3.secureserver.net <\/span><br \/><span style=\"color: #999999;\"><abbr title=\"Internet Message Access Protocol\">IMAP<\/abbr> Port: 993<\/span><br \/><span style=\"color: #999999;\"><abbr title=\"Post Office Protocol 3\">POP3<\/abbr> Port: 995<\/span><\/td>\r\n<\/tr>\r\n<tr>\r\n<td><span style=\"color: #999999;\">Servidor de sa\u00edda:<\/span><\/td>\r\n<td><span style=\"color: #999999;\">n3plcpnl0042.prod.ams3.secureserver.net<\/span><br \/><span style=\"color: #999999;\"><abbr title=\"Simple Mail Transfer Protocol\">SMTP<\/abbr> Port: 465<\/span><\/td>\r\n<\/tr>\r\n<tr>\r\n<td><span style=\"color: #999999;\">IMAP, POP3 e SMTP require authentication.<\/span><\/td>\r\n<\/tr>\r\n<\/tbody>\r\n<\/table>\r\n<\/figure>\r\n<p><span style=\"color: #999999;\">\r\n\r\n<\/span><\/p>\r\n<p><span style=\"color: #999999;\">Non-SSL Settings (N\u00c3O recomendado)<\/span><\/p>\r\n<p><span style=\"color: #999999;\">\r\n\r\n<\/span><\/p>\r\n<figure class=\"wp-block-table\">\r\n<table>\r\n<tbody>\r\n<tr>\r\n<td><span style=\"color: #999999;\">Nome de utilizador:<\/span><\/td>\r\n<td><span style=\"color: #999999;\">Utilize o Email completo .<\/span><\/td>\r\n<\/tr>\r\n<tr>\r\n<td><span style=\"color: #999999;\">Palavra-passe:<\/span><\/td>\r\n<td><span style=\"color: #999999;\">Utilize a palavra-passe da conta de correio eletr\u00f3nico.<\/span><\/td>\r\n<\/tr>\r\n<tr>\r\n<td><span style=\"color: #999999;\">Servidor de rece\u00e7\u00e3o:<\/span><\/td>\r\n<td><span style=\"color: #999999;\">mail.( dominio )<\/span><br \/><span style=\"color: #999999;\"><abbr title=\"Internet Message Access Protocol\">IMAP<\/abbr> Port: 143<\/span><br \/><span style=\"color: #999999;\"><abbr title=\"Post Office Protocol 3\">POP3<\/abbr> Port: 110<\/span><\/td>\r\n<\/tr>\r\n<tr>\r\n<td><span style=\"color: #999999;\">Servidor de sa\u00edda:<\/span><\/td>\r\n<td><span style=\"color: #999999;\">mail.( dominio )<\/span><br \/><span style=\"color: #999999;\"><abbr title=\"Simple Mail Transfer Protocol\">SMTP<\/abbr> Port: 587<\/span><\/td>\r\n<\/tr>\r\n<tr>\r\n<td><span style=\"color: #999999;\">IMAP, POP3 e SMTP require authentication.<\/span><\/td>\r\n<\/tr>\r\n<\/tbody>\r\n<\/table>\r\n<\/figure>\r\n\r\n\r\n\r\n<p>48272643<\/p>\r\n","protected":false},"excerpt":{"rendered":"<p>Mail Client Manual Settings Secure SSL\/TLS Settings (Recomendado) Nome de usu\u00e1rio: Utilize o Email completo . Senha: Use a senha da conta de email. Servidor de entrada: n3plvcpnl381952.prod.ams3.secureserver.net IMAP Port: 993 POP3 Port: 995 Servidor de sa\u00edda: n3plvcpnl381952.prod.ams3.secureserver.net SMTP Port: 465 IMAP, POP3 e SMTP require authentication. \u00a0 Configura\u00e7\u00f5es n\u00e3o SSL (N\u00c3O recomendado) Nome de [&hellip;]<\/p>\n","protected":false},"author":1,"featured_media":0,"parent":1073,"menu_order":0,"comment_status":"closed","ping_status":"closed","template":"","meta":[],"_links":{"self":[{"href":"https:\/\/www.infornos.pt\/infornos\/wp-json\/wp\/v2\/pages\/1166"}],"collection":[{"href":"https:\/\/www.infornos.pt\/infornos\/wp-json\/wp\/v2\/pages"}],"about":[{"href":"https:\/\/www.infornos.pt\/infornos\/wp-json\/wp\/v2\/types\/page"}],"author":[{"embeddable":true,"href":"https:\/\/www.infornos.pt\/infornos\/wp-json\/wp\/v2\/users\/1"}],"replies":[{"embeddable":true,"href":"https:\/\/www.infornos.pt\/infornos\/wp-json\/wp\/v2\/comments?post=1166"}],"version-history":[{"count":8,"href":"https:\/\/www.infornos.pt\/infornos\/wp-json\/wp\/v2\/pages\/1166\/revisions"}],"predecessor-version":[{"id":1261,"href":"https:\/\/www.infornos.pt\/infornos\/wp-json\/wp\/v2\/pages\/1166\/revisions\/1261"}],"up":[{"embeddable":true,"href":"https:\/\/www.infornos.pt\/infornos\/wp-json\/wp\/v2\/pages\/1073"}],"wp:attachment":[{"href":"https:\/\/www.infornos.pt\/infornos\/wp-json\/wp\/v2\/media?parent=1166"}],"curies":[{"name":"wp","href":"https:\/\/api.w.org\/{rel}","templated":true}]}}