{"id":1091,"date":"2020-02-11T14:14:19","date_gmt":"2020-02-11T14:14:19","guid":{"rendered":"http:\/\/www.infornos.pt\/infornos\/?page_id=1091"},"modified":"2020-02-11T14:25:49","modified_gmt":"2020-02-11T14:25:49","slug":"softwares","status":"publish","type":"page","link":"https:\/\/www.infornos.pt\/infornos\/softwares\/","title":{"rendered":"Softwares"},"content":{"rendered":"\n<p class=\"has-large-font-size\"> <strong>NO DESENVOLVIMENTO AS POSSIBILIDADES S\u00c3O INFINITAS<\/strong><\/p>\n\n\n\n<p>        Desenhamos , estruturamos e implementamos qualquer necessidade que envolva programa\u00e7\u00e3o e damos vida ao seu projecto.<\/p>\n\n\n\n<p>        Programamos softwares \u00e0 sua medida.&nbsp;Unimos a inspira\u00e7\u00e3o e a  criatividade, com o rigor, inova\u00e7\u00e3o e excel\u00eancia criando programas de  software \u00fanicos.<\/p>\n\n\n\n<p>\u2013 Desenvolvimento de novos softwares<\/p>\n\n\n\n<p>\u2013 Migra\u00e7\u00e3o de sistemas desatualizados (aplica\u00e7\u00e3o e dados)<\/p>\n\n\n\n<p>\u2013 Gest\u00e3o e desenvolvimento de base de dados<\/p>\n\n\n\n<figure class=\"wp-block-image size-large\"><img loading=\"lazy\" width=\"1024\" height=\"306\" src=\"http:\/\/www.infornos.pt\/infornos\/wp-content\/uploads\/2020\/02\/desenvolvimento-software-1024x306.png\" alt=\"\" class=\"wp-image-1095\" srcset=\"https:\/\/www.infornos.pt\/infornos\/wp-content\/uploads\/2020\/02\/desenvolvimento-software-1024x306.png 1024w, https:\/\/www.infornos.pt\/infornos\/wp-content\/uploads\/2020\/02\/desenvolvimento-software-300x90.png 300w, https:\/\/www.infornos.pt\/infornos\/wp-content\/uploads\/2020\/02\/desenvolvimento-software-768x229.png 768w, https:\/\/www.infornos.pt\/infornos\/wp-content\/uploads\/2020\/02\/desenvolvimento-software.png 1332w\" sizes=\"(max-width: 1024px) 100vw, 1024px\" \/><\/figure>\n","protected":false},"excerpt":{"rendered":"<p>NO DESENVOLVIMENTO AS POSSIBILIDADES S\u00c3O INFINITAS Desenhamos , estruturamos e implementamos qualquer necessidade que envolva programa\u00e7\u00e3o e damos vida ao seu projecto. Programamos softwares \u00e0 sua medida.&nbsp;Unimos a inspira\u00e7\u00e3o e a criatividade, com o rigor, inova\u00e7\u00e3o e excel\u00eancia criando programas de software \u00fanicos. \u2013 Desenvolvimento de novos softwares \u2013 Migra\u00e7\u00e3o de sistemas desatualizados (aplica\u00e7\u00e3o e [&hellip;]<\/p>\n","protected":false},"author":1,"featured_media":0,"parent":0,"menu_order":0,"comment_status":"closed","ping_status":"closed","template":"","meta":[],"_links":{"self":[{"href":"https:\/\/www.infornos.pt\/infornos\/wp-json\/wp\/v2\/pages\/1091"}],"collection":[{"href":"https:\/\/www.infornos.pt\/infornos\/wp-json\/wp\/v2\/pages"}],"about":[{"href":"https:\/\/www.infornos.pt\/infornos\/wp-json\/wp\/v2\/types\/page"}],"author":[{"embeddable":true,"href":"https:\/\/www.infornos.pt\/infornos\/wp-json\/wp\/v2\/users\/1"}],"replies":[{"embeddable":true,"href":"https:\/\/www.infornos.pt\/infornos\/wp-json\/wp\/v2\/comments?post=1091"}],"version-history":[{"count":3,"href":"https:\/\/www.infornos.pt\/infornos\/wp-json\/wp\/v2\/pages\/1091\/revisions"}],"predecessor-version":[{"id":1098,"href":"https:\/\/www.infornos.pt\/infornos\/wp-json\/wp\/v2\/pages\/1091\/revisions\/1098"}],"wp:attachment":[{"href":"https:\/\/www.infornos.pt\/infornos\/wp-json\/wp\/v2\/media?parent=1091"}],"curies":[{"name":"wp","href":"https:\/\/api.w.org\/{rel}","templated":true}]}}