{"id":1073,"date":"2020-05-11T13:06:40","date_gmt":"2020-05-11T13:06:40","guid":{"rendered":"http:\/\/www.infornos.pt\/infornos\/?page_id=1073"},"modified":"2020-05-27T21:43:43","modified_gmt":"2020-05-27T21:43:43","slug":"webdesig-servidor","status":"publish","type":"page","link":"https:\/\/www.infornos.pt\/infornos\/webdesig-servidor\/","title":{"rendered":"WebDesign"},"content":{"rendered":"\r\n<h2 class=\"has-text-align-center\"><strong>O SEU NEG\u00d3CIO<\/strong> PODE <strong>CRESCER MAIS<\/strong>, COM UM <strong>WEBSITE<\/strong> EFICAZ E <strong>FOCADO EM PERFORMANCE<\/strong><\/h2>\r\n\r\n\r\n\r\n<p>Criamos, desenvolvemos e personalizamos cada projecto de Web Design para reflectir a sua ideia, a sua imagem, o seu neg\u00f3cio ou projecto.<\/p>\r\n\r\n\r\n\r\n<p>Os websites desenvolvidos s\u00e3o adaptados para permitir a visualiza\u00e7\u00e3o e navega\u00e7\u00e3o, nos diferentes dispositivos e navegadores de Internet.<\/p>\r\n\r\n\r\n\r\n<p>Desenvolvemos os nossos projectos de Web Design com base nas mais recentes tecnologias \/ linguagens de programa\u00e7\u00e3o web, segundo as melhores pr\u00e1ticas da W3C (c\u00f3digo, navega\u00e7\u00e3o, acessibilidade e usabilidade).<\/p>\r\n\r\n\r\n\r\n<p>Aumente a sua presen\u00e7a digital e as vendas da sua empresa com um website \u00e0 sua medida, criado de acordo com as melhores metodologias web.<\/p>\r\n\r\n\r\n\r\n<p><a href=\"http:\/\/www.infornos.pt\/infornos\/configuracao-email\/\">Configura\u00e7\u00e3o de Email<\/a><\/p>\r\n\r\n\r\n<hr class=\"wp-block-separator\" \/>\r\n\r\n\r\n<figure class=\"wp-block-image size-large\"><img loading=\"lazy\" width=\"1024\" height=\"558\" class=\"wp-image-1083\" src=\"http:\/\/www.infornos.pt\/infornos\/wp-content\/uploads\/2020\/02\/2728-1024x558.png\" alt=\"\" srcset=\"https:\/\/www.infornos.pt\/infornos\/wp-content\/uploads\/2020\/02\/2728-1024x558.png 1024w, https:\/\/www.infornos.pt\/infornos\/wp-content\/uploads\/2020\/02\/2728-300x164.png 300w, https:\/\/www.infornos.pt\/infornos\/wp-content\/uploads\/2020\/02\/2728-768x419.png 768w, https:\/\/www.infornos.pt\/infornos\/wp-content\/uploads\/2020\/02\/2728.png 1029w\" sizes=\"(max-width: 1024px) 100vw, 1024px\" \/>\r\n<figcaption><strong><em><a href=\"https:\/\/idp.godaddy.com\/login.aspx?spkey=GDMYA4+-130117125906001&amp;target=https%3a%2f%2fmya.godaddy.com%2fdefault.aspx%3fisc%3dgtnipt36%26ci%3d12819&amp;isc=gtnipt36\" target=\"_blank\" rel=\"noreferrer noopener\">Servidor-48272643<\/a><\/em><\/strong><\/figcaption>\r\n<\/figure>\r\n","protected":false},"excerpt":{"rendered":"<p>O SEU NEG\u00d3CIO PODE CRESCER MAIS, COM UM WEBSITE EFICAZ E FOCADO EM PERFORMANCE Criamos, desenvolvemos e personalizamos cada projecto de Web Design para reflectir a sua ideia, a sua imagem, o seu neg\u00f3cio ou projecto. Os websites desenvolvidos s\u00e3o adaptados para permitir a visualiza\u00e7\u00e3o e navega\u00e7\u00e3o, nos diferentes dispositivos e navegadores de Internet. Desenvolvemos [&hellip;]<\/p>\n","protected":false},"author":1,"featured_media":1116,"parent":0,"menu_order":0,"comment_status":"closed","ping_status":"closed","template":"","meta":[],"_links":{"self":[{"href":"https:\/\/www.infornos.pt\/infornos\/wp-json\/wp\/v2\/pages\/1073"}],"collection":[{"href":"https:\/\/www.infornos.pt\/infornos\/wp-json\/wp\/v2\/pages"}],"about":[{"href":"https:\/\/www.infornos.pt\/infornos\/wp-json\/wp\/v2\/types\/page"}],"author":[{"embeddable":true,"href":"https:\/\/www.infornos.pt\/infornos\/wp-json\/wp\/v2\/users\/1"}],"replies":[{"embeddable":true,"href":"https:\/\/www.infornos.pt\/infornos\/wp-json\/wp\/v2\/comments?post=1073"}],"version-history":[{"count":15,"href":"https:\/\/www.infornos.pt\/infornos\/wp-json\/wp\/v2\/pages\/1073\/revisions"}],"predecessor-version":[{"id":1255,"href":"https:\/\/www.infornos.pt\/infornos\/wp-json\/wp\/v2\/pages\/1073\/revisions\/1255"}],"wp:featuredmedia":[{"embeddable":true,"href":"https:\/\/www.infornos.pt\/infornos\/wp-json\/wp\/v2\/media\/1116"}],"wp:attachment":[{"href":"https:\/\/www.infornos.pt\/infornos\/wp-json\/wp\/v2\/media?parent=1073"}],"curies":[{"name":"wp","href":"https:\/\/api.w.org\/{rel}","templated":true}]}}